{"id":51,"date":"2016-12-16T18:03:51","date_gmt":"2016-12-16T17:03:51","guid":{"rendered":"http:\/\/www.lactogroup.com\/en\/?page_id=51"},"modified":"2017-01-30T12:52:44","modified_gmt":"2017-01-30T11:52:44","slug":"legal-information","status":"publish","type":"page","link":"https:\/\/www.lactogroup.com\/en\/?page_id=51","title":{"rendered":"Legal information"},"content":{"rendered":"<p>[et_pb_section admin_label=&nbsp;&raquo;Section&nbsp;&raquo; fullwidth=&nbsp;&raquo;on&nbsp;&raquo; specialty=&nbsp;&raquo;off&nbsp;&raquo;][et_pb_fullwidth_header admin_label=&nbsp;&raquo;En-t\u00eate plein \u00e9cran&nbsp;&raquo; title=&nbsp;&raquo;Mentions l\u00e9gales&nbsp;&raquo; background_layout=&nbsp;&raquo;dark&nbsp;&raquo; text_orientation=&nbsp;&raquo;left&nbsp;&raquo; header_fullscreen=&nbsp;&raquo;off&nbsp;&raquo; header_scroll_down=&nbsp;&raquo;off&nbsp;&raquo; background_url=&nbsp;&raquo;http:\/\/www.lactogroup.com\/en\/wp-content\/uploads\/2016\/12\/bg_title.jpg&nbsp;&raquo; background_color=&nbsp;&raquo;#8fbe41&Prime; parallax=&nbsp;&raquo;off&nbsp;&raquo; parallax_method=&nbsp;&raquo;off&nbsp;&raquo; content_orientation=&nbsp;&raquo;center&nbsp;&raquo; image_orientation=&nbsp;&raquo;center&nbsp;&raquo; custom_button_one=&nbsp;&raquo;off&nbsp;&raquo; button_one_letter_spacing=&nbsp;&raquo;0&Prime; button_one_use_icon=&nbsp;&raquo;default&nbsp;&raquo; button_one_icon_placement=&nbsp;&raquo;right&nbsp;&raquo; button_one_on_hover=&nbsp;&raquo;on&nbsp;&raquo; button_one_letter_spacing_hover=&nbsp;&raquo;0&Prime; custom_button_two=&nbsp;&raquo;off&nbsp;&raquo; button_two_letter_spacing=&nbsp;&raquo;0&Prime; button_two_use_icon=&nbsp;&raquo;default&nbsp;&raquo; button_two_icon_placement=&nbsp;&raquo;right&nbsp;&raquo; button_two_on_hover=&nbsp;&raquo;on&nbsp;&raquo; button_two_letter_spacing_hover=&nbsp;&raquo;0&Prime;][\/et_pb_fullwidth_header][\/et_pb_section][et_pb_section admin_label=&nbsp;&raquo;section&nbsp;&raquo; transparent_background=&nbsp;&raquo;off&nbsp;&raquo; allow_player_pause=&nbsp;&raquo;off&nbsp;&raquo; inner_shadow=&nbsp;&raquo;off&nbsp;&raquo; parallax=&nbsp;&raquo;off&nbsp;&raquo; parallax_method=&nbsp;&raquo;off&nbsp;&raquo; padding_mobile=&nbsp;&raquo;off&nbsp;&raquo; make_fullwidth=&nbsp;&raquo;off&nbsp;&raquo; use_custom_width=&nbsp;&raquo;off&nbsp;&raquo; width_unit=&nbsp;&raquo;on&nbsp;&raquo; make_equal=&nbsp;&raquo;off&nbsp;&raquo; use_custom_gutter=&nbsp;&raquo;off&nbsp;&raquo;][et_pb_row admin_label=&nbsp;&raquo;row&nbsp;&raquo;][et_pb_column type=&nbsp;&raquo;4_4&Prime;][et_pb_text admin_label=&nbsp;&raquo;Texte&nbsp;&raquo; background_layout=&nbsp;&raquo;light&nbsp;&raquo; text_orientation=&nbsp;&raquo;left&nbsp;&raquo; use_border_color=&nbsp;&raquo;off&nbsp;&raquo; border_color=&nbsp;&raquo;#ffffff&nbsp;&raquo; border_style=&nbsp;&raquo;solid&nbsp;&raquo;]<strong>LACTOGROUP<\/strong>Entreprise sp\u00e9cialis\u00e9e dans la fabrication et la distribution (import\/export) de produits laitiers.<strong>Adresse :<\/strong>Lactogroup S.a.r.l.Rue Accacias, R\u00e9s. Accacias, B 2190000 Tanger \u2013 MarocT\u00e9l : +212 (0) 539 95 54 50Fax : +212 (0) 539 95 17 94contact@lactogroup.com<strong>Responsable \u00e9ditorial :<\/strong>Tel : +212 (0) 539 95 54 50Site h\u00e9berg\u00e9 par : <a href=\"http:\/\/www.1and1.fr\/?k_id=25037450\" target=\"_blank\">1 &amp; 1 Internet SARL<\/a>Email : support@1and1.fr[\/et_pb_text][\/et_pb_column][\/et_pb_row][\/et_pb_section]<\/p>\n","protected":false},"excerpt":{"rendered":"<p>[et_pb_section admin_label=&nbsp;&raquo;Section&nbsp;&raquo; fullwidth=&nbsp;&raquo;on&nbsp;&raquo; specialty=&nbsp;&raquo;off&nbsp;&raquo;][et_pb_fullwidth_header admin_label=&nbsp;&raquo;En-t\u00eate plein \u00e9cran&nbsp;&raquo; title=&nbsp;&raquo;Mentions l\u00e9gales&nbsp;&raquo; background_layout=&nbsp;&raquo;dark&nbsp;&raquo; text_orientation=&nbsp;&raquo;left&nbsp;&raquo; header_fullscreen=&nbsp;&raquo;off&nbsp;&raquo; header_scroll_down=&nbsp;&raquo;off&nbsp;&raquo; background_url=&nbsp;&raquo;http:\/\/www.lactogroup.com\/en\/wp-content\/uploads\/2016\/12\/bg_title.jpg&nbsp;&raquo; background_color=&nbsp;&raquo;#8fbe41&Prime; parallax=&nbsp;&raquo;off&nbsp;&raquo; parallax_method=&nbsp;&raquo;off&nbsp;&raquo; content_orientation=&nbsp;&raquo;center&nbsp;&raquo; image_orientation=&nbsp;&raquo;center&nbsp;&raquo; custom_button_one=&nbsp;&raquo;off&nbsp;&raquo; button_one_letter_spacing=&nbsp;&raquo;0&Prime; button_one_use_icon=&nbsp;&raquo;default&nbsp;&raquo; button_one_icon_placement=&nbsp;&raquo;right&nbsp;&raquo; button_one_on_hover=&nbsp;&raquo;on&nbsp;&raquo; button_one_letter_spacing_hover=&nbsp;&raquo;0&Prime; custom_button_two=&nbsp;&raquo;off&nbsp;&raquo; button_two_letter_spacing=&nbsp;&raquo;0&Prime; button_two_use_icon=&nbsp;&raquo;default&nbsp;&raquo; button_two_icon_placement=&nbsp;&raquo;right&nbsp;&raquo; button_two_on_hover=&nbsp;&raquo;on&nbsp;&raquo; button_two_letter_spacing_hover=&nbsp;&raquo;0&Prime;][\/et_pb_fullwidth_header][\/et_pb_section][et_pb_section admin_label=&nbsp;&raquo;section&nbsp;&raquo; transparent_background=&nbsp;&raquo;off&nbsp;&raquo; allow_player_pause=&nbsp;&raquo;off&nbsp;&raquo; inner_shadow=&nbsp;&raquo;off&nbsp;&raquo; parallax=&nbsp;&raquo;off&nbsp;&raquo; parallax_method=&nbsp;&raquo;off&nbsp;&raquo; padding_mobile=&nbsp;&raquo;off&nbsp;&raquo; make_fullwidth=&nbsp;&raquo;off&nbsp;&raquo; use_custom_width=&nbsp;&raquo;off&nbsp;&raquo; width_unit=&nbsp;&raquo;on&nbsp;&raquo; make_equal=&nbsp;&raquo;off&nbsp;&raquo; use_custom_gutter=&nbsp;&raquo;off&nbsp;&raquo;][et_pb_row admin_label=&nbsp;&raquo;row&nbsp;&raquo;][et_pb_column type=&nbsp;&raquo;4_4&Prime;][et_pb_text admin_label=&nbsp;&raquo;Texte&nbsp;&raquo; background_layout=&nbsp;&raquo;light&nbsp;&raquo; text_orientation=&nbsp;&raquo;left&nbsp;&raquo; use_border_color=&nbsp;&raquo;off&nbsp;&raquo; border_color=&nbsp;&raquo;#ffffff&nbsp;&raquo; border_style=&nbsp;&raquo;solid&nbsp;&raquo;]LACTOGROUPEntreprise sp\u00e9cialis\u00e9e dans la fabrication [&hellip;]<\/p>\n","protected":false},"author":1,"featured_media":0,"parent":0,"menu_order":15,"comment_status":"closed","ping_status":"closed","template":"","meta":[],"_links":{"self":[{"href":"https:\/\/www.lactogroup.com\/en\/index.php?rest_route=\/wp\/v2\/pages\/51"}],"collection":[{"href":"https:\/\/www.lactogroup.com\/en\/index.php?rest_route=\/wp\/v2\/pages"}],"about":[{"href":"https:\/\/www.lactogroup.com\/en\/index.php?rest_route=\/wp\/v2\/types\/page"}],"author":[{"embeddable":true,"href":"https:\/\/www.lactogroup.com\/en\/index.php?rest_route=\/wp\/v2\/users\/1"}],"replies":[{"embeddable":true,"href":"https:\/\/www.lactogroup.com\/en\/index.php?rest_route=%2Fwp%2Fv2%2Fcomments&post=51"}],"version-history":[{"count":5,"href":"https:\/\/www.lactogroup.com\/en\/index.php?rest_route=\/wp\/v2\/pages\/51\/revisions"}],"predecessor-version":[{"id":517,"href":"https:\/\/www.lactogroup.com\/en\/index.php?rest_route=\/wp\/v2\/pages\/51\/revisions\/517"}],"wp:attachment":[{"href":"https:\/\/www.lactogroup.com\/en\/index.php?rest_route=%2Fwp%2Fv2%2Fmedia&parent=51"}],"curies":[{"name":"wp","href":"https:\/\/api.w.org\/{rel}","templated":true}]}}