{"id":181,"date":"2016-12-21T16:39:21","date_gmt":"2016-12-21T15:39:21","guid":{"rendered":"https:\/\/www.lactogroup.com\/?page_id=181"},"modified":"2017-02-03T18:21:01","modified_gmt":"2017-02-03T17:21:01","slug":"beurre-et-mgla","status":"publish","type":"page","link":"https:\/\/www.lactogroup.com\/?page_id=181","title":{"rendered":"Beurre et MGLA"},"content":{"rendered":"<p>[et_pb_section admin_label=\u00a0\u00bbSection\u00a0\u00bb fullwidth=\u00a0\u00bbon\u00a0\u00bb specialty=\u00a0\u00bboff\u00a0\u00bb][et_pb_fullwidth_header admin_label=\u00a0\u00bbEn-t\u00eate plein \u00e9cran\u00a0\u00bb title=\u00a0\u00bbBeurre et MGLA\u00a0\u00bb background_layout=\u00a0\u00bbdark\u00a0\u00bb text_orientation=\u00a0\u00bbleft\u00a0\u00bb header_fullscreen=\u00a0\u00bboff\u00a0\u00bb header_scroll_down=\u00a0\u00bboff\u00a0\u00bb background_color=\u00a0\u00bb#8dc044&Prime; parallax=\u00a0\u00bboff\u00a0\u00bb parallax_method=\u00a0\u00bboff\u00a0\u00bb content_orientation=\u00a0\u00bbcenter\u00a0\u00bb image_orientation=\u00a0\u00bbcenter\u00a0\u00bb custom_button_one=\u00a0\u00bboff\u00a0\u00bb button_one_letter_spacing=\u00a0\u00bb0&Prime; button_one_use_icon=\u00a0\u00bbdefault\u00a0\u00bb button_one_icon_placement=\u00a0\u00bbright\u00a0\u00bb button_one_on_hover=\u00a0\u00bbon\u00a0\u00bb button_one_letter_spacing_hover=\u00a0\u00bb0&Prime; custom_button_two=\u00a0\u00bboff\u00a0\u00bb button_two_letter_spacing=\u00a0\u00bb0&Prime; button_two_use_icon=\u00a0\u00bbdefault\u00a0\u00bb button_two_icon_placement=\u00a0\u00bbright\u00a0\u00bb button_two_on_hover=\u00a0\u00bbon\u00a0\u00bb button_two_letter_spacing_hover=\u00a0\u00bb0&Prime; background_url=\u00a0\u00bbhttps:\/\/www.lactogroup.com\/wp-content\/uploads\/2016\/12\/bg_title.jpg\u00a0\u00bb] [\/et_pb_fullwidth_header][\/et_pb_section][et_pb_section admin_label=\u00a0\u00bbsection\u00a0\u00bb transparent_background=\u00a0\u00bboff\u00a0\u00bb allow_player_pause=\u00a0\u00bboff\u00a0\u00bb inner_shadow=\u00a0\u00bboff\u00a0\u00bb parallax=\u00a0\u00bboff\u00a0\u00bb parallax_method=\u00a0\u00bboff\u00a0\u00bb padding_mobile=\u00a0\u00bboff\u00a0\u00bb make_fullwidth=\u00a0\u00bboff\u00a0\u00bb use_custom_width=\u00a0\u00bboff\u00a0\u00bb width_unit=\u00a0\u00bbon\u00a0\u00bb make_equal=\u00a0\u00bboff\u00a0\u00bb use_custom_gutter=\u00a0\u00bboff\u00a0\u00bb module_id=\u00a0\u00bbbeurre-et-MGLA\u00a0\u00bb][et_pb_row admin_label=\u00a0\u00bbLigne\u00a0\u00bb make_fullwidth=\u00a0\u00bboff\u00a0\u00bb use_custom_width=\u00a0\u00bboff\u00a0\u00bb width_unit=\u00a0\u00bbon\u00a0\u00bb use_custom_gutter=\u00a0\u00bboff\u00a0\u00bb padding_mobile=\u00a0\u00bboff\u00a0\u00bb allow_player_pause=\u00a0\u00bboff\u00a0\u00bb parallax=\u00a0\u00bboff\u00a0\u00bb parallax_method=\u00a0\u00bboff\u00a0\u00bb make_equal=\u00a0\u00bboff\u00a0\u00bb column_padding_mobile=\u00a0\u00bbon\u00a0\u00bb module_id=\u00a0\u00bbbeurre\u00a0\u00bb][et_pb_column type=\u00a0\u00bb4_4&Prime;][et_pb_text admin_label=\u00a0\u00bbBeurre\u00a0\u00bb background_layout=\u00a0\u00bblight\u00a0\u00bb text_orientation=\u00a0\u00bbleft\u00a0\u00bb use_border_color=\u00a0\u00bboff\u00a0\u00bb border_color=\u00a0\u00bb#ffffff\u00a0\u00bb border_style=\u00a0\u00bbsolid\u00a0\u00bb]<\/p>\n<h2>Beurre<\/h2>\n<p><strong>Description du produit:<\/strong><\/p>\n<p>Beurre pasteuris\u00e9 non sal\u00e9 \u00e0 Min 82% matie\u0300res grasses.<\/p>\n<p><strong>Caract\u00e9ristiques:<\/strong><\/p>\n<ul>\n<li>Apparence Physique : Texture homog\u00e8ne, couleur jaun\u00e2tre.<\/li>\n<li>Gou\u0302t: Typique sans go\u00fbt de rance.<\/li>\n<li>Odeur : Neutre.<\/li>\n<\/ul>\n<div class=\"cadre\" ><strong>Applications:<\/strong><\/p>\n<p>Confiserie, p\u00e2tisserie , chocolat au lait, boulangerie, produits de blanchiment boissons, cr\u00e8mes glac\u00e9es, boissons au chocolat, yoghourts, surgel\u00e9s, boissons.<\/div>\n<table style=\"width: 100%;\">\n<tbody>\n<tr>\n<th style=\"text-align: center;\">Parametres Chimiques<\/th>\n<th style=\"text-align: center;\">Beurre doux<\/th>\n<th style=\"text-align: center;\">Beurre lactic<\/th>\n<\/tr>\n<tr>\n<td>Mati\u00e8re grasse du lait (%)<\/td>\n<td>\u2265 82<\/td>\n<td>\u2265 82<\/td>\n<\/tr>\n<tr>\n<td>Humidit\u00e9 (%)<\/td>\n<td>\u2264 16<\/td>\n<td>\u2264 16<\/td>\n<\/tr>\n<tr>\n<td>Non gras solides (%)<\/td>\n<td>\u2264 2,0<\/td>\n<td>\u2264 2,0<\/td>\n<\/tr>\n<tr>\n<td>pH<\/td>\n<td>6,2-7,2<\/td>\n<td>4,2-5,2<\/td>\n<\/tr>\n<\/tbody>\n<\/table>\n<p>&nbsp;<\/p>\n<table style=\"width: 100%;\">\n<tbody>\n<tr>\n<th style=\"text-align: center;\">Parametres Microbiologiques<\/th>\n<th style=\"text-align: center;\">Beurre doux<\/th>\n<th style=\"text-align: center;\">Beurre lactic<\/th>\n<\/tr>\n<tr>\n<td>Germes Totaux \/g<\/td>\n<td>\u2264 1000<\/td>\n<td>\u2264 1000<\/td>\n<\/tr>\n<tr>\n<td>Levures et Moisissures \/g<\/td>\n<td>\u2264 10<\/td>\n<td>\u2264 10<\/td>\n<\/tr>\n<tr>\n<td>Coliformes \/0,1g<\/td>\n<td>absent<\/td>\n<td>absent<\/td>\n<\/tr>\n<tr>\n<td>E- Coli \/0,1g<\/td>\n<td>absent<\/td>\n<td>absent<\/td>\n<\/tr>\n<tr>\n<td>Salmonella \/25g<\/td>\n<td>absent<\/td>\n<td>absent<\/td>\n<\/tr>\n<tr>\n<td>Antibiotiques<\/td>\n<td>absent<\/td>\n<td>absent<\/td>\n<\/tr>\n<\/tbody>\n<\/table>\n<p><strong><\/p>\n<p>Stockage et Dur\u00e9e de Vie:<\/strong><\/p>\n<p>24 mois stockes a une temperature \u2264 \u00e0 -18 \u00b0C.<\/p>\n<p><strong>Conditionnement:<\/strong><\/p>\n<p>Blocs emball\u00e9s individuellement dans bo\u00eetes de carton de diff\u00e9rentes tailles (25kg-5kg-1kg-500g-250g-200g-10g).<\/p>\n<p><strong>Origine:<\/strong><\/p>\n<p>Nouvelle Zealand, Europe, Inde, \u00c9tats-Unis.<\/p>\n<p><strong>Certificats:<\/strong><\/p>\n<p>HALAL est disponible.<\/p>\n<p>[\/et_pb_text][\/et_pb_column][\/et_pb_row][et_pb_row admin_label=\u00a0\u00bbLigne\u00a0\u00bb make_fullwidth=\u00a0\u00bboff\u00a0\u00bb use_custom_width=\u00a0\u00bboff\u00a0\u00bb width_unit=\u00a0\u00bbon\u00a0\u00bb use_custom_gutter=\u00a0\u00bboff\u00a0\u00bb padding_mobile=\u00a0\u00bboff\u00a0\u00bb module_id=\u00a0\u00bbmatieres-grasses-laitieres-anhydres\u00a0\u00bb allow_player_pause=\u00a0\u00bboff\u00a0\u00bb parallax=\u00a0\u00bboff\u00a0\u00bb parallax_method=\u00a0\u00bboff\u00a0\u00bb make_equal=\u00a0\u00bboff\u00a0\u00bb column_padding_mobile=\u00a0\u00bbon\u00a0\u00bb][et_pb_column type=\u00a0\u00bb4_4&Prime;][et_pb_text admin_label=\u00a0\u00bbMati\u00e8res Grasses Laiti\u00e8res Anhydres\u00a0\u00bb background_layout=\u00a0\u00bblight\u00a0\u00bb text_orientation=\u00a0\u00bbleft\u00a0\u00bb use_border_color=\u00a0\u00bboff\u00a0\u00bb border_color=\u00a0\u00bb#ffffff\u00a0\u00bb border_style=\u00a0\u00bbsolid\u00a0\u00bb]<\/p>\n<h2>Mati\u00e8res Grasses Laiti\u00e8res Anhydres<\/h2>\n<p><strong>Description du produit:<\/strong><\/p>\n<p>Obtenu \u00e0 partir de cr\u00e8me pasteuris\u00e9e par \u00e9limination presque totale de l\u2019eau et des mati\u00e8res solides non gras.<\/p>\n<p><strong>Caract\u00e9ristiques:<\/strong><\/p>\n<p>Odeur pure et propre, exempt de go\u00fbts anormaux, la couleur jaune uniforme, sous forme liquide ou solide.<\/p>\n<div class=\"cadre\" ><strong>Applications:<\/strong><\/p>\n<p>Produits laitiers recombin\u00e9s, confiserie, boulangerie et p\u00e2tisserie, cr\u00e8mes glac\u00e9es.<\/div>\n<table style=\"width: 100%;\">\n<tbody>\n<tr>\n<th>Param\u00e8tres Chimiques<\/th>\n<th><\/th>\n<\/tr>\n<tr>\n<td>Mati\u00e8re grasse (%)<\/td>\n<td>\u2265 99,8<\/td>\n<\/tr>\n<tr>\n<td>Humidit\u00e9 (%)<\/td>\n<td>\u2264 0,2<\/td>\n<\/tr>\n<tr>\n<td>E- Coli \/0,1g<\/td>\n<td>\u2264 0,35<\/td>\n<\/tr>\n<tr>\n<td>Salmonella \/25g<\/td>\n<td>\u2264 0,20<\/td>\n<\/tr>\n<\/tbody>\n<\/table>\n<table style=\"width: 100%;\">\n<tbody>\n<tr>\n<th>Param\u00e8tres Microbiologiques<\/th>\n<th><\/th>\n<\/tr>\n<tr>\n<td>Germes Totaux \/g<\/td>\n<td>\u2264 1000<\/td>\n<\/tr>\n<tr>\n<td>Levures et Moisissures \/g<\/td>\n<td>\u2264 2 et \u2264 20<\/td>\n<\/tr>\n<tr>\n<td>Coliformes ufc\/g<\/td>\n<td>\u2264 10<\/td>\n<\/tr>\n<tr>\n<td>E- Coli \/0,1g<\/td>\n<td>absent<\/td>\n<\/tr>\n<tr>\n<td>Salmonella \/25g<\/td>\n<td>absent<\/td>\n<\/tr>\n<\/tbody>\n<\/table>\n<p><strong>Stockage et Dur\u00e9e de Vie:<\/strong><\/p>\n<p>Le produit stock\u00e9 dans un endroit frais et sec, \u00e0 temp\u00e9rature inf\u00e9rieure \u00e0 20 \u00ba C. Produit a une dur\u00e9e de vie de 1 an dans son emballage d\u2019origine.<\/p>\n<p><strong>Origine:<\/strong><\/p>\n<p>Nouvelle Zealand, Europe, Inde, \u00c9tats-Unis.<\/p>\n<p><strong>Conditionnement:<\/strong><\/p>\n<p>Drums 190-210 net.<\/p>\n<p><strong>Certificats:<\/strong><\/p>\n<p>HALAL est disponible.<\/p>\n<p>[\/et_pb_text][\/et_pb_column][\/et_pb_row][\/et_pb_section][et_pb_section admin_label=\u00a0\u00bbSection\u00a0\u00bb global_module=\u00a0\u00bb394&Prime; fullwidth=\u00a0\u00bboff\u00a0\u00bb specialty=\u00a0\u00bboff\u00a0\u00bb transparent_background=\u00a0\u00bboff\u00a0\u00bb background_color=\u00a0\u00bb#52b7ea\u00a0\u00bb allow_player_pause=\u00a0\u00bboff\u00a0\u00bb inner_shadow=\u00a0\u00bboff\u00a0\u00bb parallax=\u00a0\u00bboff\u00a0\u00bb parallax_method=\u00a0\u00bboff\u00a0\u00bb padding_mobile=\u00a0\u00bboff\u00a0\u00bb make_fullwidth=\u00a0\u00bboff\u00a0\u00bb use_custom_width=\u00a0\u00bboff\u00a0\u00bb width_unit=\u00a0\u00bbon\u00a0\u00bb make_equal=\u00a0\u00bboff\u00a0\u00bb use_custom_gutter=\u00a0\u00bboff\u00a0\u00bb][et_pb_row global_parent=\u00a0\u00bb394&Prime; admin_label=\u00a0\u00bbLigne\u00a0\u00bb][et_pb_column type=\u00a0\u00bb4_4&Prime;][et_pb_cta global_parent=\u00a0\u00bb394&Prime; admin_label=\u00a0\u00bbAppel d&rsquo;action\u00a0\u00bb button_url=\u00a0\u00bbhttps:\/\/www.lactogroup.com\/?page_id=84\/\u00a0\u00bb url_new_window=\u00a0\u00bboff\u00a0\u00bb button_text=\u00a0\u00bbContactez-nous\u00a0\u00bb use_background_color=\u00a0\u00bbon\u00a0\u00bb background_color=\u00a0\u00bb#52b7ea\u00a0\u00bb background_layout=\u00a0\u00bbdark\u00a0\u00bb text_orientation=\u00a0\u00bbcenter\u00a0\u00bb use_border_color=\u00a0\u00bboff\u00a0\u00bb border_color=\u00a0\u00bb#ffffff\u00a0\u00bb border_style=\u00a0\u00bbsolid\u00a0\u00bb custom_button=\u00a0\u00bboff\u00a0\u00bb button_letter_spacing=\u00a0\u00bb0&Prime; button_use_icon=\u00a0\u00bbdefault\u00a0\u00bb button_icon_placement=\u00a0\u00bbright\u00a0\u00bb button_on_hover=\u00a0\u00bbon\u00a0\u00bb button_letter_spacing_hover=\u00a0\u00bb0&Prime; module_class=\u00a0\u00bbcall-to-action\u00a0\u00bb]<\/p>\n<h2>Vous souhaitez en savoir plus<\/p>\n<p>sur notre gamme de produits ?<\/h2>\n<p>[\/et_pb_cta][\/et_pb_column][\/et_pb_row][\/et_pb_section]<\/p>\n","protected":false},"excerpt":{"rendered":"<p>Beurre Description du produit: Beurre pasteuris\u00e9 non sal\u00e9 \u00e0 Min 82% matie\u0300res grasses. Caract\u00e9ristiques: Apparence Physique : Texture homog\u00e8ne, couleur jaun\u00e2tre. Gou\u0302t: Typique sans go\u00fbt de rance. Odeur : Neutre. <div class=\"cadre\" >Applications: Confiserie, p\u00e2tisserie , chocolat au lait, boulangerie, produits de blanchiment boissons, cr\u00e8mes glac\u00e9es, boissons au chocolat, yoghourts, surgel\u00e9s, boissons.<\/div> Parametres Chimiques Beurre doux Beurre [&hellip;]<\/p>\n","protected":false},"author":1,"featured_media":0,"parent":40,"menu_order":3,"comment_status":"closed","ping_status":"closed","template":"","meta":{"_et_pb_use_builder":"on","_et_pb_old_content":"","_et_gb_content_width":"","footnotes":""},"yoast_head":"<!-- This site is optimized with the Yoast SEO plugin v20.1 - https:\/\/yoast.com\/wordpress\/plugins\/seo\/ -->\r\n<title>Beurre et MGLA - Lactogroup<\/title>\r\n<meta name=\"robots\" content=\"index, follow, max-snippet:-1, max-image-preview:large, max-video-preview:-1\" \/>\r\n<link rel=\"canonical\" href=\"https:\/\/www.lactogroup.com\/?page_id=181\" \/>\r\n<meta property=\"og:locale\" content=\"fr_FR\" \/>\r\n<meta property=\"og:type\" content=\"article\" \/>\r\n<meta property=\"og:title\" content=\"Beurre et MGLA - Lactogroup\" \/>\r\n<meta property=\"og:description\" content=\"Beurre Description du produit: Beurre pasteuris\u00e9 non sal\u00e9 \u00e0 Min 82% matie\u0300res grasses. Caract\u00e9ristiques: Apparence Physique : Texture homog\u00e8ne, couleur jaun\u00e2tre. Gou\u0302t: Typique sans go\u00fbt de rance. Odeur : Neutre. Parametres Chimiques Beurre doux Beurre [&hellip;]\" \/>\r\n<meta property=\"og:url\" content=\"https:\/\/www.lactogroup.com\/?page_id=181\" \/>\r\n<meta property=\"og:site_name\" content=\"Lactogroup\" \/>\r\n<meta property=\"article:modified_time\" content=\"2017-02-03T17:21:01+00:00\" \/>\r\n<meta name=\"twitter:card\" content=\"summary_large_image\" \/>\r\n<meta name=\"twitter:label1\" content=\"Dur\u00e9e de lecture estim\u00e9e\" \/>\n\t<meta name=\"twitter:data1\" content=\"4 minutes\" \/>\r\n<script type=\"application\/ld+json\" class=\"yoast-schema-graph\">{\"@context\":\"https:\/\/schema.org\",\"@graph\":[{\"@type\":\"WebPage\",\"@id\":\"https:\/\/www.lactogroup.com\/?page_id=181\",\"url\":\"https:\/\/www.lactogroup.com\/?page_id=181\",\"name\":\"Beurre et MGLA - Lactogroup\",\"isPartOf\":{\"@id\":\"https:\/\/www.lactogroup.com\/#website\"},\"datePublished\":\"2016-12-21T15:39:21+00:00\",\"dateModified\":\"2017-02-03T17:21:01+00:00\",\"breadcrumb\":{\"@id\":\"https:\/\/www.lactogroup.com\/?page_id=181#breadcrumb\"},\"inLanguage\":\"fr-FR\",\"potentialAction\":[{\"@type\":\"ReadAction\",\"target\":[\"https:\/\/www.lactogroup.com\/?page_id=181\"]}]},{\"@type\":\"BreadcrumbList\",\"@id\":\"https:\/\/www.lactogroup.com\/?page_id=181#breadcrumb\",\"itemListElement\":[{\"@type\":\"ListItem\",\"position\":1,\"name\":\"Accueil\",\"item\":\"https:\/\/www.lactogroup.com\/\"},{\"@type\":\"ListItem\",\"position\":2,\"name\":\"Produits\",\"item\":\"https:\/\/www.lactogroup.com\/?page_id=40\"},{\"@type\":\"ListItem\",\"position\":3,\"name\":\"Beurre et MGLA\"}]},{\"@type\":\"WebSite\",\"@id\":\"https:\/\/www.lactogroup.com\/#website\",\"url\":\"https:\/\/www.lactogroup.com\/\",\"name\":\"Lactogroup\",\"description\":\"\",\"potentialAction\":[{\"@type\":\"SearchAction\",\"target\":{\"@type\":\"EntryPoint\",\"urlTemplate\":\"https:\/\/www.lactogroup.com\/?s={search_term_string}\"},\"query-input\":\"required name=search_term_string\"}],\"inLanguage\":\"fr-FR\"}]}<\/script>\r\n<!-- \/ Yoast SEO plugin. -->","yoast_head_json":{"title":"Beurre et MGLA - Lactogroup","robots":{"index":"index","follow":"follow","max-snippet":"max-snippet:-1","max-image-preview":"max-image-preview:large","max-video-preview":"max-video-preview:-1"},"canonical":"https:\/\/www.lactogroup.com\/?page_id=181","og_locale":"fr_FR","og_type":"article","og_title":"Beurre et MGLA - Lactogroup","og_description":"Beurre Description du produit: Beurre pasteuris\u00e9 non sal\u00e9 \u00e0 Min 82% matie\u0300res grasses. Caract\u00e9ristiques: Apparence Physique : Texture homog\u00e8ne, couleur jaun\u00e2tre. Gou\u0302t: Typique sans go\u00fbt de rance. Odeur : Neutre. Parametres Chimiques Beurre doux Beurre [&hellip;]","og_url":"https:\/\/www.lactogroup.com\/?page_id=181","og_site_name":"Lactogroup","article_modified_time":"2017-02-03T17:21:01+00:00","twitter_card":"summary_large_image","twitter_misc":{"Dur\u00e9e de lecture estim\u00e9e":"4 minutes"},"schema":{"@context":"https:\/\/schema.org","@graph":[{"@type":"WebPage","@id":"https:\/\/www.lactogroup.com\/?page_id=181","url":"https:\/\/www.lactogroup.com\/?page_id=181","name":"Beurre et MGLA - Lactogroup","isPartOf":{"@id":"https:\/\/www.lactogroup.com\/#website"},"datePublished":"2016-12-21T15:39:21+00:00","dateModified":"2017-02-03T17:21:01+00:00","breadcrumb":{"@id":"https:\/\/www.lactogroup.com\/?page_id=181#breadcrumb"},"inLanguage":"fr-FR","potentialAction":[{"@type":"ReadAction","target":["https:\/\/www.lactogroup.com\/?page_id=181"]}]},{"@type":"BreadcrumbList","@id":"https:\/\/www.lactogroup.com\/?page_id=181#breadcrumb","itemListElement":[{"@type":"ListItem","position":1,"name":"Accueil","item":"https:\/\/www.lactogroup.com\/"},{"@type":"ListItem","position":2,"name":"Produits","item":"https:\/\/www.lactogroup.com\/?page_id=40"},{"@type":"ListItem","position":3,"name":"Beurre et MGLA"}]},{"@type":"WebSite","@id":"https:\/\/www.lactogroup.com\/#website","url":"https:\/\/www.lactogroup.com\/","name":"Lactogroup","description":"","potentialAction":[{"@type":"SearchAction","target":{"@type":"EntryPoint","urlTemplate":"https:\/\/www.lactogroup.com\/?s={search_term_string}"},"query-input":"required name=search_term_string"}],"inLanguage":"fr-FR"}]}},"_links":{"self":[{"href":"https:\/\/www.lactogroup.com\/index.php?rest_route=\/wp\/v2\/pages\/181"}],"collection":[{"href":"https:\/\/www.lactogroup.com\/index.php?rest_route=\/wp\/v2\/pages"}],"about":[{"href":"https:\/\/www.lactogroup.com\/index.php?rest_route=\/wp\/v2\/types\/page"}],"author":[{"embeddable":true,"href":"https:\/\/www.lactogroup.com\/index.php?rest_route=\/wp\/v2\/users\/1"}],"replies":[{"embeddable":true,"href":"https:\/\/www.lactogroup.com\/index.php?rest_route=%2Fwp%2Fv2%2Fcomments&post=181"}],"version-history":[{"count":98,"href":"https:\/\/www.lactogroup.com\/index.php?rest_route=\/wp\/v2\/pages\/181\/revisions"}],"predecessor-version":[{"id":649,"href":"https:\/\/www.lactogroup.com\/index.php?rest_route=\/wp\/v2\/pages\/181\/revisions\/649"}],"up":[{"embeddable":true,"href":"https:\/\/www.lactogroup.com\/index.php?rest_route=\/wp\/v2\/pages\/40"}],"wp:attachment":[{"href":"https:\/\/www.lactogroup.com\/index.php?rest_route=%2Fwp%2Fv2%2Fmedia&parent=181"}],"curies":[{"name":"wp","href":"https:\/\/api.w.org\/{rel}","templated":true}]}}