{"id":403,"date":"2017-01-09T11:31:08","date_gmt":"2017-01-09T10:31:08","guid":{"rendered":"https:\/\/www.lactogroup.com\/?page_id=403"},"modified":"2017-02-07T16:40:08","modified_gmt":"2017-02-07T15:40:08","slug":"proteines-de-lait-concentre","status":"publish","type":"page","link":"https:\/\/www.lactogroup.com\/?page_id=403","title":{"rendered":"Proteines de Lait Concentr\u00e9"},"content":{"rendered":"<p>[et_pb_section admin_label=\u00a0\u00bbSection\u00a0\u00bb fullwidth=\u00a0\u00bbon\u00a0\u00bb specialty=\u00a0\u00bboff\u00a0\u00bb][et_pb_fullwidth_header admin_label=\u00a0\u00bbEn-t\u00eate plein \u00e9cran\u00a0\u00bb title=\u00a0\u00bbProteines De Lait Concentr\u00e9\u00a0\u00bb background_layout=\u00a0\u00bbdark\u00a0\u00bb text_orientation=\u00a0\u00bbleft\u00a0\u00bb header_fullscreen=\u00a0\u00bboff\u00a0\u00bb header_scroll_down=\u00a0\u00bboff\u00a0\u00bb background_color=\u00a0\u00bb#8dc044&Prime; parallax=\u00a0\u00bboff\u00a0\u00bb parallax_method=\u00a0\u00bboff\u00a0\u00bb content_orientation=\u00a0\u00bbcenter\u00a0\u00bb image_orientation=\u00a0\u00bbcenter\u00a0\u00bb custom_button_one=\u00a0\u00bboff\u00a0\u00bb button_one_letter_spacing=\u00a0\u00bb0&Prime; button_one_use_icon=\u00a0\u00bbdefault\u00a0\u00bb button_one_icon_placement=\u00a0\u00bbright\u00a0\u00bb button_one_on_hover=\u00a0\u00bbon\u00a0\u00bb button_one_letter_spacing_hover=\u00a0\u00bb0&Prime; custom_button_two=\u00a0\u00bboff\u00a0\u00bb button_two_letter_spacing=\u00a0\u00bb0&Prime; button_two_use_icon=\u00a0\u00bbdefault\u00a0\u00bb button_two_icon_placement=\u00a0\u00bbright\u00a0\u00bb button_two_on_hover=\u00a0\u00bbon\u00a0\u00bb button_two_letter_spacing_hover=\u00a0\u00bb0&Prime; background_url=\u00a0\u00bbhttps:\/\/www.lactogroup.com\/wp-content\/uploads\/2016\/12\/bg_title.jpg\u00a0\u00bb] [\/et_pb_fullwidth_header][\/et_pb_section][et_pb_section admin_label=\u00a0\u00bbsection\u00a0\u00bb transparent_background=\u00a0\u00bboff\u00a0\u00bb allow_player_pause=\u00a0\u00bboff\u00a0\u00bb inner_shadow=\u00a0\u00bboff\u00a0\u00bb parallax=\u00a0\u00bboff\u00a0\u00bb parallax_method=\u00a0\u00bboff\u00a0\u00bb padding_mobile=\u00a0\u00bboff\u00a0\u00bb make_fullwidth=\u00a0\u00bboff\u00a0\u00bb use_custom_width=\u00a0\u00bboff\u00a0\u00bb width_unit=\u00a0\u00bbon\u00a0\u00bb make_equal=\u00a0\u00bboff\u00a0\u00bb use_custom_gutter=\u00a0\u00bboff\u00a0\u00bb module_id=\u00a0\u00bbproteines-de-lait-concentre\u00a0\u00bb][et_pb_row admin_label=\u00a0\u00bbLigne\u00a0\u00bb make_fullwidth=\u00a0\u00bboff\u00a0\u00bb use_custom_width=\u00a0\u00bboff\u00a0\u00bb width_unit=\u00a0\u00bbon\u00a0\u00bb use_custom_gutter=\u00a0\u00bboff\u00a0\u00bb padding_mobile=\u00a0\u00bboff\u00a0\u00bb module_id=\u00a0\u00bbproteines-de-lait-concentre\u00a0\u00bb allow_player_pause=\u00a0\u00bboff\u00a0\u00bb parallax=\u00a0\u00bboff\u00a0\u00bb parallax_method=\u00a0\u00bboff\u00a0\u00bb make_equal=\u00a0\u00bboff\u00a0\u00bb column_padding_mobile=\u00a0\u00bbon\u00a0\u00bb][et_pb_column type=\u00a0\u00bb4_4&Prime;][et_pb_text admin_label=\u00a0\u00bbProt\u00e9ines De Lait Concentr\u00e9\u00a0\u00bb background_layout=\u00a0\u00bblight\u00a0\u00bb text_orientation=\u00a0\u00bbleft\u00a0\u00bb use_border_color=\u00a0\u00bboff\u00a0\u00bb border_color=\u00a0\u00bb#ffffff\u00a0\u00bb border_style=\u00a0\u00bbsolid\u00a0\u00bb]<\/p>\n<h2>Prot\u00e9ines De Lait Concentr\u00e9<\/h2>\n<p><strong>Description du produit:<\/p>\n<p><\/strong>Les concentr\u00e9s de prot\u00e9ines laiti\u00e8res, appel\u00e9s MPC ou Milk Protein Concentrate, sont des concentr\u00e9s de lait \u00e9cr\u00e9m\u00e9 dont la teneur en prot\u00e9ines (cas\u00e9ines et prot\u00e9ines s\u00e9riques) sur mati\u00e8re s\u00e8che est sup\u00e9rieure \u00e0 42% et de mani\u00e8re pr\u00e9f\u00e9rentielle sup\u00e9rieure \u00e0 75%.<\/p>\n<p><strong>Caract\u00e9ristiques:<\/strong><\/p>\n<ul>\n<li>Apparence Physique : Poudre homoge\u0300ne, couleur blanc-cr\u00e8me.<\/li>\n<li>Gou\u0302t : Lacte\u0301<\/li>\n<li>Odeur : Neutre.<\/li>\n<\/ul>\n<div class=\"cadre\" ><strong>Applications:<\/strong><\/p>\n<p>Produits nutritionnels et alimentaires, produits nutritionnels en g\u00e9riatrie, fromage recombin\u00e9s et transform\u00e9s, boulangerie et confiserie, produits carn\u00e9s transform\u00e9s.<\/div>\n<table style=\"width: 100%;\">\n<tbody>\n<tr>\n<th>Parametres Chimiques<\/th>\n<th><\/th>\n<\/tr>\n<tr>\n<td>Prot\u00e9ines (%)<\/td>\n<td>\u2264\u00a075<\/td>\n<\/tr>\n<tr>\n<td>Matie\u0300re grasse (%)<\/td>\n<td>\u2264\u00a01,0<\/td>\n<\/tr>\n<tr>\n<td>Humidit\u00e9 (%)<\/td>\n<td>\u2264\u00a05,0<\/td>\n<\/tr>\n<tr>\n<td>Cendres (%)<\/td>\n<td>\u00a0\u2264\u00a07,6<\/td>\n<\/tr>\n<tr>\n<td>PH<\/td>\n<td>\u00a06,2 &#8211; 6,8<\/td>\n<\/tr>\n<tr>\n<td>Insolubilit\u00e9 (ml)<\/td>\n<td>\u00a0\u2264\u00a01,0<\/td>\n<\/tr>\n<tr>\n<td>Lactose (%)<\/td>\n<td>\u00a0\u2265\u00a011<\/td>\n<\/tr>\n<\/tbody>\n<\/table>\n<table style=\"width: 100%;\">\n<tbody>\n<tr>\n<th>Parametres Microbiologiques<\/th>\n<th><\/th>\n<\/tr>\n<tr>\n<td>Germes Totaux \/g<\/td>\n<td>\u00a0\u2264 20\u00a0000<\/td>\n<\/tr>\n<tr>\n<td>Coliformes \/0,1g<\/td>\n<td>absent<\/td>\n<\/tr>\n<tr>\n<td>E- Coli \/0,1g<\/td>\n<td>absent<\/td>\n<\/tr>\n<tr>\n<td>Salmonella \/25g<\/td>\n<td>absent<\/td>\n<\/tr>\n<tr>\n<td>Antibiotiques<\/td>\n<td>\u00a0absent<\/td>\n<\/tr>\n<tr>\n<td>Levures et Moisissures \/g<\/td>\n<td>\u00a0\u2264\u00a050<\/td>\n<\/tr>\n<\/tbody>\n<\/table>\n<p><strong>Stockage et Dur\u00e9e de Vie:<\/strong><\/p>\n<p>Le produit stock\u00e9 dans un endroit frais et sec, \u00e0 temp\u00e9rature inf\u00e9rieure \u00e0 25 \u00ba C. Le produit a une dur\u00e9e de vie 2 ans dans l\u2019emballage d\u2019origine.<\/p>\n<p><strong>Conditionnement:<\/strong><\/p>\n<p>Sacs de 25 Kg net en papier et enveloppe Interne en poly\u00e9thyl\u00e8ne alimentaire.<\/p>\n<p><strong>Origine:<\/p>\n<p><\/strong>Le produit provient de l\u2019UE. Il est contr\u00f4l\u00e9 et emball\u00e9 dans l\u2019Union Europ\u00e9enne.<\/p>\n<p><strong>Certificats:<\/p>\n<p><\/strong>HALAL est disponible.<\/p>\n<p>[\/et_pb_text][\/et_pb_column][\/et_pb_row][et_pb_row admin_label=\u00a0\u00bbLigne\u00a0\u00bb make_fullwidth=\u00a0\u00bboff\u00a0\u00bb use_custom_width=\u00a0\u00bboff\u00a0\u00bb width_unit=\u00a0\u00bbon\u00a0\u00bb use_custom_gutter=\u00a0\u00bboff\u00a0\u00bb padding_mobile=\u00a0\u00bboff\u00a0\u00bb module_id=\u00a0\u00bbproteines-de-lactoserum-concentre\u00a0\u00bb allow_player_pause=\u00a0\u00bboff\u00a0\u00bb parallax=\u00a0\u00bboff\u00a0\u00bb parallax_method=\u00a0\u00bboff\u00a0\u00bb make_equal=\u00a0\u00bboff\u00a0\u00bb column_padding_mobile=\u00a0\u00bbon\u00a0\u00bb][et_pb_column type=\u00a0\u00bb4_4&Prime;][et_pb_text admin_label=\u00a0\u00bbProt\u00e9ines De Lactos\u00e9rum Concentr\u00e9\u00a0\u00bb background_layout=\u00a0\u00bblight\u00a0\u00bb text_orientation=\u00a0\u00bbleft\u00a0\u00bb use_border_color=\u00a0\u00bboff\u00a0\u00bb border_color=\u00a0\u00bb#ffffff\u00a0\u00bb border_style=\u00a0\u00bbsolid\u00a0\u00bb]<\/p>\n<h2>Prot\u00e9ines De Lactos\u00e9rum Concentr\u00e9<\/h2>\n<p><strong>Description du produit:<\/p>\n<p><\/strong>Les WPC \u00e9galement appel\u00e9s Whey Protein Concentrate, sont des concentr\u00e9s de lactos\u00e9rum ayant une teneur en prot\u00e9ines s\u00e9riques de 15% \u00e0 80%. Ce sont des ingr\u00e9dients d\u00e9riv\u00e9s du lactos\u00e9rum.<strong><\/p>\n<p><\/strong><strong><\/p>\n<p>Caract\u00e9ristiques:<\/strong><strong><\/p>\n<p><\/strong><\/p>\n<ul>\n<li>Apparence Physique : Poudre homoge\u0300ne, couleur blanche cre\u0300me.<\/li>\n<li>Gou\u0302t : Lacte\u0301, cre\u0301meux.<\/li>\n<li>Odeur : Neutre.<\/li>\n<\/ul>\n<div class=\"cadre\" ><strong>Applications:<\/p>\n<p><\/strong>Boissons enrichies nutritifs et en prot\u00e9ines, boulangerie, viandes transform\u00e9es, les aliments di\u00e9t\u00e9tiques, aliments pour b\u00e9b\u00e9s, des confiseries.<\/div>\n<table style=\"width: 100%;\">\n<tbody>\n<tr>\n<th style=\"text-align: center;\">Parametres Chimiques<\/th>\n<th style=\"text-align: center;\">WPC 34\/35<\/th>\n<th style=\"text-align: center;\">WPC 80<\/th>\n<\/tr>\n<tr>\n<td>Prot\u00e9ines (%)<\/td>\n<td>\u2265\u00a034\/35<\/td>\n<td>\u2265\u00a080<\/td>\n<\/tr>\n<tr>\n<td>Matie\u0300re grasse (%)<\/td>\n<td>\u2264\u00a04,0<\/td>\n<td>\u2264\u00a08,0<\/td>\n<\/tr>\n<tr>\n<td>Humidit\u00e9 (%)<\/td>\n<td>\u2264\u00a04,5<\/td>\n<td>\u2264\u00a05,5<\/td>\n<\/tr>\n<tr>\n<td>Cendres (%)<\/td>\n<td>\u2264 8,0<\/td>\n<td>\u2264 3,5<\/td>\n<\/tr>\n<tr>\n<td>pH<\/td>\n<td>6,2-6,8<\/td>\n<td>\u2265 6,0<\/td>\n<\/tr>\n<tr>\n<td>Insolubilit\u00e9 (ml)<\/td>\n<td>\u2264 1,25<\/td>\n<td>\u2264 1,0<\/td>\n<\/tr>\n<tr>\n<td>Lactose (%) +\/-1<\/td>\n<td>50<\/td>\n<td>\u2264 8,0<\/td>\n<\/tr>\n<\/tbody>\n<\/table>\n<table style=\"width: 100%;\">\n<tbody>\n<tr>\n<th style=\"text-align: center;\">Parametres Microbiologiques<\/th>\n<th style=\"text-align: center;\">WPC 34\/35<\/th>\n<th style=\"text-align: center;\">WPC 80<\/th>\n<\/tr>\n<tr>\n<td>Germes Totaux \/g<\/td>\n<td>\u2264 10 000<\/td>\n<td>\u2264 10 000<\/td>\n<\/tr>\n<tr>\n<td>Coliformes \/0,1g<\/td>\n<td>absent<\/td>\n<td>absent<\/td>\n<\/tr>\n<tr>\n<td>E- Coli \/0,1g<\/td>\n<td>absent<\/td>\n<td>absent<\/td>\n<\/tr>\n<tr>\n<td>Salmonella \/25g<\/td>\n<td>absent<\/td>\n<td>absent<\/td>\n<\/tr>\n<tr>\n<td>Antibiotiques<\/td>\n<td>absent<\/td>\n<td>absent<\/td>\n<\/tr>\n<tr>\n<td>Levures et Moisissures \/g<\/td>\n<td>\u2264 50<\/td>\n<td>\u2264 50<\/td>\n<\/tr>\n<\/tbody>\n<\/table>\n<p><strong>Stockage et Dur\u00e9e de Vie:<\/strong><\/p>\n<p>Le produit stock\u00e9 dans un endroit frais et sec, \u00e0 temp\u00e9rature inf\u00e9rieure \u00e0 25 \u00ba C. Le produit a une dur\u00e9e de vie 2 ans dans l\u2019emballage d\u2019origine.<\/p>\n<p><strong>Conditionnement:<\/p>\n<p><\/strong>Sacs de 25 Kg net en papier et enveloppe Interne en poly\u00e9thyl\u00e8ne alimentaire.<strong><\/p>\n<p><\/strong><\/p>\n<p><strong>Origine:<\/p>\n<p><\/strong>Le produit provient de l\u2019UE. Il est contr\u00f4l\u00e9 et emball\u00e9 dans l\u2019Union Europ\u00e9enne.<\/p>\n<p><strong>Certificats:<\/p>\n<p><\/strong>HALAL est disponible.<\/p>\n<p>[\/et_pb_text][\/et_pb_column][\/et_pb_row][\/et_pb_section][et_pb_section admin_label=\u00a0\u00bbSection\u00a0\u00bb global_module=\u00a0\u00bb394&Prime; fullwidth=\u00a0\u00bboff\u00a0\u00bb specialty=\u00a0\u00bboff\u00a0\u00bb transparent_background=\u00a0\u00bboff\u00a0\u00bb background_color=\u00a0\u00bb#52b7ea\u00a0\u00bb allow_player_pause=\u00a0\u00bboff\u00a0\u00bb inner_shadow=\u00a0\u00bboff\u00a0\u00bb parallax=\u00a0\u00bboff\u00a0\u00bb parallax_method=\u00a0\u00bboff\u00a0\u00bb padding_mobile=\u00a0\u00bboff\u00a0\u00bb make_fullwidth=\u00a0\u00bboff\u00a0\u00bb use_custom_width=\u00a0\u00bboff\u00a0\u00bb width_unit=\u00a0\u00bbon\u00a0\u00bb make_equal=\u00a0\u00bboff\u00a0\u00bb use_custom_gutter=\u00a0\u00bboff\u00a0\u00bb][et_pb_row global_parent=\u00a0\u00bb394&Prime; admin_label=\u00a0\u00bbLigne\u00a0\u00bb][et_pb_column type=\u00a0\u00bb4_4&Prime;][et_pb_cta global_parent=\u00a0\u00bb394&Prime; admin_label=\u00a0\u00bbAppel d&rsquo;action\u00a0\u00bb button_url=\u00a0\u00bbhttps:\/\/www.lactogroup.com\/?page_id=84\/\u00a0\u00bb url_new_window=\u00a0\u00bboff\u00a0\u00bb button_text=\u00a0\u00bbContactez-nous\u00a0\u00bb use_background_color=\u00a0\u00bbon\u00a0\u00bb background_color=\u00a0\u00bb#52b7ea\u00a0\u00bb background_layout=\u00a0\u00bbdark\u00a0\u00bb text_orientation=\u00a0\u00bbcenter\u00a0\u00bb use_border_color=\u00a0\u00bboff\u00a0\u00bb border_color=\u00a0\u00bb#ffffff\u00a0\u00bb border_style=\u00a0\u00bbsolid\u00a0\u00bb custom_button=\u00a0\u00bboff\u00a0\u00bb button_letter_spacing=\u00a0\u00bb0&Prime; button_use_icon=\u00a0\u00bbdefault\u00a0\u00bb button_icon_placement=\u00a0\u00bbright\u00a0\u00bb button_on_hover=\u00a0\u00bbon\u00a0\u00bb button_letter_spacing_hover=\u00a0\u00bb0&Prime; module_class=\u00a0\u00bbcall-to-action\u00a0\u00bb]<\/p>\n<h2>Vous souhaitez en savoir plus<\/p>\n<p>sur notre gamme de produits ?<\/h2>\n<p>[\/et_pb_cta][\/et_pb_column][\/et_pb_row][\/et_pb_section]<\/p>\n","protected":false},"excerpt":{"rendered":"<p>Prot\u00e9ines De Lait Concentr\u00e9 Description du produit: Les concentr\u00e9s de prot\u00e9ines laiti\u00e8res, appel\u00e9s MPC ou Milk Protein Concentrate, sont des concentr\u00e9s de lait \u00e9cr\u00e9m\u00e9 dont la teneur en prot\u00e9ines (cas\u00e9ines et prot\u00e9ines s\u00e9riques) sur mati\u00e8re s\u00e8che est sup\u00e9rieure \u00e0 42% et de mani\u00e8re pr\u00e9f\u00e9rentielle sup\u00e9rieure \u00e0 75%. Caract\u00e9ristiques: Apparence Physique : Poudre homoge\u0300ne, couleur blanc-cr\u00e8me. [&hellip;]<\/p>\n","protected":false},"author":1,"featured_media":0,"parent":40,"menu_order":6,"comment_status":"closed","ping_status":"closed","template":"","meta":{"_et_pb_use_builder":"on","_et_pb_old_content":"","_et_gb_content_width":"","footnotes":""},"yoast_head":"<!-- This site is optimized with the Yoast SEO plugin v20.1 - https:\/\/yoast.com\/wordpress\/plugins\/seo\/ -->\r\n<title>Proteines de Lait Concentr\u00e9 - Lactogroup<\/title>\r\n<meta name=\"robots\" content=\"index, follow, max-snippet:-1, max-image-preview:large, max-video-preview:-1\" \/>\r\n<link rel=\"canonical\" href=\"https:\/\/www.lactogroup.com\/?page_id=403\" \/>\r\n<meta property=\"og:locale\" content=\"fr_FR\" \/>\r\n<meta property=\"og:type\" content=\"article\" \/>\r\n<meta property=\"og:title\" content=\"Proteines de Lait Concentr\u00e9 - Lactogroup\" \/>\r\n<meta property=\"og:description\" content=\"Prot\u00e9ines De Lait Concentr\u00e9 Description du produit: Les concentr\u00e9s de prot\u00e9ines laiti\u00e8res, appel\u00e9s MPC ou Milk Protein Concentrate, sont des concentr\u00e9s de lait \u00e9cr\u00e9m\u00e9 dont la teneur en prot\u00e9ines (cas\u00e9ines et prot\u00e9ines s\u00e9riques) sur mati\u00e8re s\u00e8che est sup\u00e9rieure \u00e0 42% et de mani\u00e8re pr\u00e9f\u00e9rentielle sup\u00e9rieure \u00e0 75%. Caract\u00e9ristiques: Apparence Physique : Poudre homoge\u0300ne, couleur blanc-cr\u00e8me. [&hellip;]\" \/>\r\n<meta property=\"og:url\" content=\"https:\/\/www.lactogroup.com\/?page_id=403\" \/>\r\n<meta property=\"og:site_name\" content=\"Lactogroup\" \/>\r\n<meta property=\"article:modified_time\" content=\"2017-02-07T15:40:08+00:00\" \/>\r\n<meta name=\"twitter:card\" content=\"summary_large_image\" \/>\r\n<meta name=\"twitter:label1\" content=\"Dur\u00e9e de lecture estim\u00e9e\" \/>\n\t<meta name=\"twitter:data1\" content=\"5 minutes\" \/>\r\n<script type=\"application\/ld+json\" class=\"yoast-schema-graph\">{\"@context\":\"https:\/\/schema.org\",\"@graph\":[{\"@type\":\"WebPage\",\"@id\":\"https:\/\/www.lactogroup.com\/?page_id=403\",\"url\":\"https:\/\/www.lactogroup.com\/?page_id=403\",\"name\":\"Proteines de Lait Concentr\u00e9 - Lactogroup\",\"isPartOf\":{\"@id\":\"https:\/\/www.lactogroup.com\/#website\"},\"datePublished\":\"2017-01-09T10:31:08+00:00\",\"dateModified\":\"2017-02-07T15:40:08+00:00\",\"breadcrumb\":{\"@id\":\"https:\/\/www.lactogroup.com\/?page_id=403#breadcrumb\"},\"inLanguage\":\"fr-FR\",\"potentialAction\":[{\"@type\":\"ReadAction\",\"target\":[\"https:\/\/www.lactogroup.com\/?page_id=403\"]}]},{\"@type\":\"BreadcrumbList\",\"@id\":\"https:\/\/www.lactogroup.com\/?page_id=403#breadcrumb\",\"itemListElement\":[{\"@type\":\"ListItem\",\"position\":1,\"name\":\"Accueil\",\"item\":\"https:\/\/www.lactogroup.com\/\"},{\"@type\":\"ListItem\",\"position\":2,\"name\":\"Produits\",\"item\":\"https:\/\/www.lactogroup.com\/?page_id=40\"},{\"@type\":\"ListItem\",\"position\":3,\"name\":\"Proteines de Lait Concentr\u00e9\"}]},{\"@type\":\"WebSite\",\"@id\":\"https:\/\/www.lactogroup.com\/#website\",\"url\":\"https:\/\/www.lactogroup.com\/\",\"name\":\"Lactogroup\",\"description\":\"\",\"potentialAction\":[{\"@type\":\"SearchAction\",\"target\":{\"@type\":\"EntryPoint\",\"urlTemplate\":\"https:\/\/www.lactogroup.com\/?s={search_term_string}\"},\"query-input\":\"required name=search_term_string\"}],\"inLanguage\":\"fr-FR\"}]}<\/script>\r\n<!-- \/ Yoast SEO plugin. -->","yoast_head_json":{"title":"Proteines de Lait Concentr\u00e9 - Lactogroup","robots":{"index":"index","follow":"follow","max-snippet":"max-snippet:-1","max-image-preview":"max-image-preview:large","max-video-preview":"max-video-preview:-1"},"canonical":"https:\/\/www.lactogroup.com\/?page_id=403","og_locale":"fr_FR","og_type":"article","og_title":"Proteines de Lait Concentr\u00e9 - Lactogroup","og_description":"Prot\u00e9ines De Lait Concentr\u00e9 Description du produit: Les concentr\u00e9s de prot\u00e9ines laiti\u00e8res, appel\u00e9s MPC ou Milk Protein Concentrate, sont des concentr\u00e9s de lait \u00e9cr\u00e9m\u00e9 dont la teneur en prot\u00e9ines (cas\u00e9ines et prot\u00e9ines s\u00e9riques) sur mati\u00e8re s\u00e8che est sup\u00e9rieure \u00e0 42% et de mani\u00e8re pr\u00e9f\u00e9rentielle sup\u00e9rieure \u00e0 75%. Caract\u00e9ristiques: Apparence Physique : Poudre homoge\u0300ne, couleur blanc-cr\u00e8me. [&hellip;]","og_url":"https:\/\/www.lactogroup.com\/?page_id=403","og_site_name":"Lactogroup","article_modified_time":"2017-02-07T15:40:08+00:00","twitter_card":"summary_large_image","twitter_misc":{"Dur\u00e9e de lecture estim\u00e9e":"5 minutes"},"schema":{"@context":"https:\/\/schema.org","@graph":[{"@type":"WebPage","@id":"https:\/\/www.lactogroup.com\/?page_id=403","url":"https:\/\/www.lactogroup.com\/?page_id=403","name":"Proteines de Lait Concentr\u00e9 - Lactogroup","isPartOf":{"@id":"https:\/\/www.lactogroup.com\/#website"},"datePublished":"2017-01-09T10:31:08+00:00","dateModified":"2017-02-07T15:40:08+00:00","breadcrumb":{"@id":"https:\/\/www.lactogroup.com\/?page_id=403#breadcrumb"},"inLanguage":"fr-FR","potentialAction":[{"@type":"ReadAction","target":["https:\/\/www.lactogroup.com\/?page_id=403"]}]},{"@type":"BreadcrumbList","@id":"https:\/\/www.lactogroup.com\/?page_id=403#breadcrumb","itemListElement":[{"@type":"ListItem","position":1,"name":"Accueil","item":"https:\/\/www.lactogroup.com\/"},{"@type":"ListItem","position":2,"name":"Produits","item":"https:\/\/www.lactogroup.com\/?page_id=40"},{"@type":"ListItem","position":3,"name":"Proteines de Lait Concentr\u00e9"}]},{"@type":"WebSite","@id":"https:\/\/www.lactogroup.com\/#website","url":"https:\/\/www.lactogroup.com\/","name":"Lactogroup","description":"","potentialAction":[{"@type":"SearchAction","target":{"@type":"EntryPoint","urlTemplate":"https:\/\/www.lactogroup.com\/?s={search_term_string}"},"query-input":"required name=search_term_string"}],"inLanguage":"fr-FR"}]}},"_links":{"self":[{"href":"https:\/\/www.lactogroup.com\/index.php?rest_route=\/wp\/v2\/pages\/403"}],"collection":[{"href":"https:\/\/www.lactogroup.com\/index.php?rest_route=\/wp\/v2\/pages"}],"about":[{"href":"https:\/\/www.lactogroup.com\/index.php?rest_route=\/wp\/v2\/types\/page"}],"author":[{"embeddable":true,"href":"https:\/\/www.lactogroup.com\/index.php?rest_route=\/wp\/v2\/users\/1"}],"replies":[{"embeddable":true,"href":"https:\/\/www.lactogroup.com\/index.php?rest_route=%2Fwp%2Fv2%2Fcomments&post=403"}],"version-history":[{"count":6,"href":"https:\/\/www.lactogroup.com\/index.php?rest_route=\/wp\/v2\/pages\/403\/revisions"}],"predecessor-version":[{"id":539,"href":"https:\/\/www.lactogroup.com\/index.php?rest_route=\/wp\/v2\/pages\/403\/revisions\/539"}],"up":[{"embeddable":true,"href":"https:\/\/www.lactogroup.com\/index.php?rest_route=\/wp\/v2\/pages\/40"}],"wp:attachment":[{"href":"https:\/\/www.lactogroup.com\/index.php?rest_route=%2Fwp%2Fv2%2Fmedia&parent=403"}],"curies":[{"name":"wp","href":"https:\/\/api.w.org\/{rel}","templated":true}]}}