{"id":407,"date":"2017-01-09T11:32:47","date_gmt":"2017-01-09T10:32:47","guid":{"rendered":"https:\/\/www.lactogroup.com\/?page_id=407"},"modified":"2017-02-03T18:34:35","modified_gmt":"2017-02-03T17:34:35","slug":"preparation-de-lait-entier","status":"publish","type":"page","link":"https:\/\/www.lactogroup.com\/?page_id=407","title":{"rendered":"Preparation de Lait Entier"},"content":{"rendered":"<p>[et_pb_section admin_label=\u00a0\u00bbSection\u00a0\u00bb fullwidth=\u00a0\u00bbon\u00a0\u00bb specialty=\u00a0\u00bboff\u00a0\u00bb][et_pb_fullwidth_header admin_label=\u00a0\u00bbEn-t\u00eate plein \u00e9cran\u00a0\u00bb title=\u00a0\u00bb Preparation De Lait Entier\u00a0\u00bb background_layout=\u00a0\u00bbdark\u00a0\u00bb text_orientation=\u00a0\u00bbleft\u00a0\u00bb header_fullscreen=\u00a0\u00bboff\u00a0\u00bb header_scroll_down=\u00a0\u00bboff\u00a0\u00bb background_color=\u00a0\u00bb#8dc044&Prime; parallax=\u00a0\u00bboff\u00a0\u00bb parallax_method=\u00a0\u00bboff\u00a0\u00bb content_orientation=\u00a0\u00bbcenter\u00a0\u00bb image_orientation=\u00a0\u00bbcenter\u00a0\u00bb custom_button_one=\u00a0\u00bboff\u00a0\u00bb button_one_letter_spacing=\u00a0\u00bb0&Prime; button_one_use_icon=\u00a0\u00bbdefault\u00a0\u00bb button_one_icon_placement=\u00a0\u00bbright\u00a0\u00bb button_one_on_hover=\u00a0\u00bbon\u00a0\u00bb button_one_letter_spacing_hover=\u00a0\u00bb0&Prime; custom_button_two=\u00a0\u00bboff\u00a0\u00bb button_two_letter_spacing=\u00a0\u00bb0&Prime; button_two_use_icon=\u00a0\u00bbdefault\u00a0\u00bb button_two_icon_placement=\u00a0\u00bbright\u00a0\u00bb button_two_on_hover=\u00a0\u00bbon\u00a0\u00bb button_two_letter_spacing_hover=\u00a0\u00bb0&Prime; background_url=\u00a0\u00bbhttps:\/\/www.lactogroup.com\/wp-content\/uploads\/2016\/12\/bg_title.jpg\u00a0\u00bb] [\/et_pb_fullwidth_header][\/et_pb_section][et_pb_section admin_label=\u00a0\u00bbsection\u00a0\u00bb transparent_background=\u00a0\u00bboff\u00a0\u00bb allow_player_pause=\u00a0\u00bboff\u00a0\u00bb inner_shadow=\u00a0\u00bboff\u00a0\u00bb parallax=\u00a0\u00bboff\u00a0\u00bb parallax_method=\u00a0\u00bboff\u00a0\u00bb padding_mobile=\u00a0\u00bboff\u00a0\u00bb make_fullwidth=\u00a0\u00bboff\u00a0\u00bb use_custom_width=\u00a0\u00bboff\u00a0\u00bb width_unit=\u00a0\u00bbon\u00a0\u00bb make_equal=\u00a0\u00bboff\u00a0\u00bb use_custom_gutter=\u00a0\u00bboff\u00a0\u00bb module_id=\u00a0\u00bbpreparation-de-lait-entier\u00a0\u00bb][et_pb_row admin_label=\u00a0\u00bbLigne\u00a0\u00bb make_fullwidth=\u00a0\u00bboff\u00a0\u00bb use_custom_width=\u00a0\u00bboff\u00a0\u00bb width_unit=\u00a0\u00bbon\u00a0\u00bb use_custom_gutter=\u00a0\u00bboff\u00a0\u00bb padding_mobile=\u00a0\u00bboff\u00a0\u00bb module_id=\u00a0\u00bbpreparation-de-lait-entier-24-24&Prime; allow_player_pause=\u00a0\u00bboff\u00a0\u00bb parallax=\u00a0\u00bboff\u00a0\u00bb parallax_method=\u00a0\u00bboff\u00a0\u00bb make_equal=\u00a0\u00bboff\u00a0\u00bb column_padding_mobile=\u00a0\u00bbon\u00a0\u00bb][et_pb_column type=\u00a0\u00bb4_4&Prime;][et_pb_text admin_label=\u00a0\u00bbPr\u00e9paration de Lait entier 24\/24&Prime; background_layout=\u00a0\u00bblight\u00a0\u00bb text_orientation=\u00a0\u00bbleft\u00a0\u00bb use_border_color=\u00a0\u00bboff\u00a0\u00bb border_color=\u00a0\u00bb#ffffff\u00a0\u00bb border_style=\u00a0\u00bbsolid\u00a0\u00bb]<\/p>\n<h2>Pr\u00e9paration de Lait entier 24\/24<\/h2>\n<p><strong>Description du produit:<\/p>\n<p><\/strong>Produit compos\u00e9 de mati\u00e8res grasses du beurre, de prot\u00e9ines de lait et de lactose.<strong><\/p>\n<p><\/strong><strong><\/p>\n<p>Caract\u00e9ristiques:<\/strong><strong><\/p>\n<p><\/strong><\/p>\n<ul>\n<li>Apparence Physique : Poudre homoge\u0300ne, couleur blanc cr\u00e8me.<\/li>\n<li>Gou\u0302t : Lacte\u0301.<\/li>\n<li>Odeur : Neutre.<\/li>\n<\/ul>\n<div class=\"cadre\" ><strong>Applications:<\/p>\n<p><\/strong>Remplacement total ou partiel de la poudre de lait entier dans la fabrication de yoghourts, de cr\u00e8mes glac\u00e9es, de biscuits, de cr\u00eapes, de chocolat et de confiseries.<\/div>\n<table style=\"width: 100%;\">\n<tbody>\n<tr>\n<th style=\"text-align: center;\">Parametres Chimiques<\/th>\n<th style=\"text-align: center;\"><\/th>\n<\/tr>\n<tr>\n<td>Prot\u00e9ines (%)<\/td>\n<td>24<\/td>\n<\/tr>\n<tr>\n<td>Mati\u00e8re grasse\u00a0(%)<\/td>\n<td>\u00a024<\/td>\n<\/tr>\n<tr>\n<td>Humidit\u00e9 (%)<\/td>\n<td>3,0<\/td>\n<\/tr>\n<tr>\n<td>Cendres (%)<\/td>\n<td>6,0<\/td>\n<\/tr>\n<\/tbody>\n<\/table>\n<table style=\"width: 100%;\">\n<tbody>\n<tr>\n<th style=\"text-align: center;\">Parametres Microbiologiques<\/th>\n<th style=\"text-align: center;\"><\/th>\n<\/tr>\n<tr>\n<td>Germes Totaux \/g<\/td>\n<td>\u2264 30\u00a0000<\/td>\n<\/tr>\n<tr>\n<td>Coliformes \/0,1g<\/td>\n<td>absent<\/td>\n<\/tr>\n<tr>\n<td>E- Coli \/0,1g<\/td>\n<td>absent<\/td>\n<\/tr>\n<tr>\n<td>Salmonella \/25g<\/td>\n<td>absent<\/td>\n<\/tr>\n<tr>\n<td>Antibiotiques<\/td>\n<td>absent<\/td>\n<\/tr>\n<tr>\n<td>Levures et Moisissures \/g<\/td>\n<td>\u2264\u00a050<\/td>\n<\/tr>\n<\/tbody>\n<\/table>\n<p><strong>Stockage et Dur\u00e9e de Vie:<\/strong><\/p>\n<p>Le produit stock\u00e9 dans un endroit frais et sec, \u00e0 temp\u00e9rature inf\u00e9rieure \u00e0 25 \u00ba C. Le produit a une dur\u00e9e de vie 2 ans dans l\u2019emballage d\u2019origine.<\/p>\n<p><strong>Conditionnement:<\/p>\n<p><\/strong>Sacs de 25 Kg net en papier et enveloppe Interne en poly\u00e9thyl\u00e8ne alimentaire.<strong><\/p>\n<p><\/strong><\/p>\n<p><strong>Origine:<\/p>\n<p><\/strong>Le produit provient de l\u2019UE. Il est contr\u00f4l\u00e9 et emball\u00e9 dans l\u2019Union Europ\u00e9enne.<\/p>\n<p><strong>Certificats:<\/p>\n<p><\/strong>HALAL est disponible.<\/p>\n<p>[\/et_pb_text][\/et_pb_column][\/et_pb_row][et_pb_row admin_label=\u00a0\u00bbLigne\u00a0\u00bb make_fullwidth=\u00a0\u00bboff\u00a0\u00bb use_custom_width=\u00a0\u00bboff\u00a0\u00bb width_unit=\u00a0\u00bbon\u00a0\u00bb use_custom_gutter=\u00a0\u00bboff\u00a0\u00bb padding_mobile=\u00a0\u00bboff\u00a0\u00bb module_id=\u00a0\u00bbpreparation-de-lait-entier-26-23&Prime; allow_player_pause=\u00a0\u00bboff\u00a0\u00bb parallax=\u00a0\u00bboff\u00a0\u00bb parallax_method=\u00a0\u00bboff\u00a0\u00bb make_equal=\u00a0\u00bboff\u00a0\u00bb column_padding_mobile=\u00a0\u00bbon\u00a0\u00bb][et_pb_column type=\u00a0\u00bb4_4&Prime;][et_pb_text admin_label=\u00a0\u00bbPr\u00e9paration de Lait entier 26\/23&Prime; background_layout=\u00a0\u00bblight\u00a0\u00bb text_orientation=\u00a0\u00bbleft\u00a0\u00bb use_border_color=\u00a0\u00bboff\u00a0\u00bb border_color=\u00a0\u00bb#ffffff\u00a0\u00bb border_style=\u00a0\u00bbsolid\u00a0\u00bb]<\/p>\n<h2>Pr\u00e9paration de Lait entier 26\/23<\/h2>\n<p><strong>Description du produit:<\/p>\n<p><\/strong>Pr\u00e9paration laiti\u00e8re destin\u00e9e au remplacement total ou partiel de la poudre de lait entier.<strong><\/p>\n<p><\/strong><strong><\/p>\n<p>Caract\u00e9ristiques:<\/strong><strong><\/p>\n<p><\/strong><\/p>\n<ul>\n<li>Apparence Physique : Poudre homoge\u0300ne, couleur blanc cr\u00e8me.<\/li>\n<li>Gou\u0302t : Lacte\u0301.<\/li>\n<li>Odeur : Neutre.<\/li>\n<\/ul>\n<div class=\"cadre\" ><strong>Applications:<\/p>\n<p><\/strong>\u00a0Fabrication de la cr\u00e8me glac\u00e9e, boulangerie-p\u00e2tisserie, biscuit, chocolat.<\/div>\n<table style=\"width: 100%;\">\n<tbody>\n<tr>\n<th style=\"text-align: center;\">Parametres Chimiques<\/th>\n<th style=\"text-align: center;\"><\/th>\n<\/tr>\n<tr>\n<td>Prot\u00e9ines (%)<\/td>\n<td>23<\/td>\n<\/tr>\n<tr>\n<td>Matie\u0300re grasse (%)<\/td>\n<td>26<\/td>\n<\/tr>\n<tr>\n<td>Humidit\u00e9 (%)<\/td>\n<td>3,0<\/td>\n<\/tr>\n<tr>\n<td>Cendres (%)<\/td>\n<td>6,0<\/td>\n<\/tr>\n<\/tbody>\n<\/table>\n<table style=\"width: 100%;\">\n<tbody>\n<tr>\n<th style=\"text-align: center;\">Parametres Microbiologiques<\/th>\n<th style=\"text-align: center;\"><\/th>\n<\/tr>\n<tr>\n<td>Germes Totaux \/g<\/td>\n<td>\u2264 50\u00a0000<\/td>\n<\/tr>\n<tr>\n<td>Coliformes \/0,1g<\/td>\n<td>absent<\/td>\n<\/tr>\n<tr>\n<td>E- Coli \/0,1g<\/td>\n<td>absent<\/td>\n<\/tr>\n<tr>\n<td>Salmonella \/25g<\/td>\n<td>absent<\/td>\n<\/tr>\n<tr>\n<td>Antibiotiques<\/td>\n<td>absent<\/td>\n<\/tr>\n<tr>\n<td>Levures et Moisissures \/g<\/td>\n<td>\u2264\u00a050<\/td>\n<\/tr>\n<\/tbody>\n<\/table>\n<p><strong>Stockage et Dur\u00e9e de Vie:<\/strong><\/p>\n<p>Le produit stock\u00e9 dans un endroit frais et sec, \u00e0 temp\u00e9rature inf\u00e9rieure \u00e0 25 \u00ba C. Le produit a une dur\u00e9e de vie 2 ans dans l\u2019emballage d\u2019origine.<\/p>\n<p><strong>Conditionnement:<\/p>\n<p><\/strong>Sacs de 25 Kg net en papier et enveloppe Interne en poly\u00e9thyl\u00e8ne alimentaire.<strong><\/p>\n<p><\/strong><\/p>\n<p><strong>Origine:<\/p>\n<p><\/strong>Le produit provient de l\u2019UE. Il est contr\u00f4l\u00e9 et emball\u00e9 dans l\u2019Union Europ\u00e9enne.<\/p>\n<p><strong>Certificats:<\/p>\n<p><\/strong>HALAL est disponible.<\/p>\n<p>[\/et_pb_text][\/et_pb_column][\/et_pb_row][\/et_pb_section][et_pb_section admin_label=\u00a0\u00bbSection\u00a0\u00bb global_module=\u00a0\u00bb394&Prime; fullwidth=\u00a0\u00bboff\u00a0\u00bb specialty=\u00a0\u00bboff\u00a0\u00bb transparent_background=\u00a0\u00bboff\u00a0\u00bb background_color=\u00a0\u00bb#52b7ea\u00a0\u00bb allow_player_pause=\u00a0\u00bboff\u00a0\u00bb inner_shadow=\u00a0\u00bboff\u00a0\u00bb parallax=\u00a0\u00bboff\u00a0\u00bb parallax_method=\u00a0\u00bboff\u00a0\u00bb padding_mobile=\u00a0\u00bboff\u00a0\u00bb make_fullwidth=\u00a0\u00bboff\u00a0\u00bb use_custom_width=\u00a0\u00bboff\u00a0\u00bb width_unit=\u00a0\u00bbon\u00a0\u00bb make_equal=\u00a0\u00bboff\u00a0\u00bb use_custom_gutter=\u00a0\u00bboff\u00a0\u00bb][et_pb_row global_parent=\u00a0\u00bb394&Prime; admin_label=\u00a0\u00bbLigne\u00a0\u00bb][et_pb_column type=\u00a0\u00bb4_4&Prime;][et_pb_cta global_parent=\u00a0\u00bb394&Prime; admin_label=\u00a0\u00bbAppel d&rsquo;action\u00a0\u00bb button_url=\u00a0\u00bbhttps:\/\/www.lactogroup.com\/?page_id=84\/\u00a0\u00bb url_new_window=\u00a0\u00bboff\u00a0\u00bb button_text=\u00a0\u00bbContactez-nous\u00a0\u00bb use_background_color=\u00a0\u00bbon\u00a0\u00bb background_color=\u00a0\u00bb#52b7ea\u00a0\u00bb background_layout=\u00a0\u00bbdark\u00a0\u00bb text_orientation=\u00a0\u00bbcenter\u00a0\u00bb use_border_color=\u00a0\u00bboff\u00a0\u00bb border_color=\u00a0\u00bb#ffffff\u00a0\u00bb border_style=\u00a0\u00bbsolid\u00a0\u00bb custom_button=\u00a0\u00bboff\u00a0\u00bb button_letter_spacing=\u00a0\u00bb0&Prime; button_use_icon=\u00a0\u00bbdefault\u00a0\u00bb button_icon_placement=\u00a0\u00bbright\u00a0\u00bb button_on_hover=\u00a0\u00bbon\u00a0\u00bb button_letter_spacing_hover=\u00a0\u00bb0&Prime; module_class=\u00a0\u00bbcall-to-action\u00a0\u00bb]<\/p>\n<h2>Vous souhaitez en savoir plus<\/p>\n<p>sur notre gamme de produits ?<\/h2>\n<p>[\/et_pb_cta][\/et_pb_column][\/et_pb_row][\/et_pb_section]<\/p>\n","protected":false},"excerpt":{"rendered":"<p>Pr\u00e9paration de Lait entier 24\/24 Description du produit: Produit compos\u00e9 de mati\u00e8res grasses du beurre, de prot\u00e9ines de lait et de lactose. Caract\u00e9ristiques: Apparence Physique : Poudre homoge\u0300ne, couleur blanc cr\u00e8me. Gou\u0302t : Lacte\u0301. Odeur : Neutre. <div class=\"cadre\" ><\/div>Applications: Remplacement total ou partiel de la poudre de lait entier dans la fabrication de yoghourts, de cr\u00e8mes [&hellip;]<\/p>\n","protected":false},"author":1,"featured_media":0,"parent":40,"menu_order":8,"comment_status":"closed","ping_status":"closed","template":"","meta":{"_et_pb_use_builder":"on","_et_pb_old_content":"","_et_gb_content_width":"","footnotes":""},"yoast_head":"<!-- This site is optimized with the Yoast SEO plugin v20.1 - https:\/\/yoast.com\/wordpress\/plugins\/seo\/ -->\r\n<title>Preparation de Lait Entier - Lactogroup<\/title>\r\n<meta name=\"robots\" content=\"index, follow, max-snippet:-1, max-image-preview:large, max-video-preview:-1\" \/>\r\n<link rel=\"canonical\" href=\"https:\/\/www.lactogroup.com\/?page_id=407\" \/>\r\n<meta property=\"og:locale\" content=\"fr_FR\" \/>\r\n<meta property=\"og:type\" content=\"article\" \/>\r\n<meta property=\"og:title\" content=\"Preparation de Lait Entier - Lactogroup\" \/>\r\n<meta property=\"og:description\" content=\"Pr\u00e9paration de Lait entier 24\/24 Description du produit: Produit compos\u00e9 de mati\u00e8res grasses du beurre, de prot\u00e9ines de lait et de lactose. Caract\u00e9ristiques: Apparence Physique : Poudre homoge\u0300ne, couleur blanc cr\u00e8me. Gou\u0302t : Lacte\u0301. Odeur : Neutre. Applications: Remplacement total ou partiel de la poudre de lait entier dans la fabrication de yoghourts, de cr\u00e8mes [&hellip;]\" \/>\r\n<meta property=\"og:url\" content=\"https:\/\/www.lactogroup.com\/?page_id=407\" \/>\r\n<meta property=\"og:site_name\" content=\"Lactogroup\" \/>\r\n<meta property=\"article:modified_time\" content=\"2017-02-03T17:34:35+00:00\" \/>\r\n<meta name=\"twitter:card\" content=\"summary_large_image\" \/>\r\n<meta name=\"twitter:label1\" content=\"Dur\u00e9e de lecture estim\u00e9e\" \/>\n\t<meta name=\"twitter:data1\" content=\"4 minutes\" \/>\r\n<script type=\"application\/ld+json\" class=\"yoast-schema-graph\">{\"@context\":\"https:\/\/schema.org\",\"@graph\":[{\"@type\":\"WebPage\",\"@id\":\"https:\/\/www.lactogroup.com\/?page_id=407\",\"url\":\"https:\/\/www.lactogroup.com\/?page_id=407\",\"name\":\"Preparation de Lait Entier - Lactogroup\",\"isPartOf\":{\"@id\":\"https:\/\/www.lactogroup.com\/#website\"},\"datePublished\":\"2017-01-09T10:32:47+00:00\",\"dateModified\":\"2017-02-03T17:34:35+00:00\",\"breadcrumb\":{\"@id\":\"https:\/\/www.lactogroup.com\/?page_id=407#breadcrumb\"},\"inLanguage\":\"fr-FR\",\"potentialAction\":[{\"@type\":\"ReadAction\",\"target\":[\"https:\/\/www.lactogroup.com\/?page_id=407\"]}]},{\"@type\":\"BreadcrumbList\",\"@id\":\"https:\/\/www.lactogroup.com\/?page_id=407#breadcrumb\",\"itemListElement\":[{\"@type\":\"ListItem\",\"position\":1,\"name\":\"Accueil\",\"item\":\"https:\/\/www.lactogroup.com\/\"},{\"@type\":\"ListItem\",\"position\":2,\"name\":\"Produits\",\"item\":\"https:\/\/www.lactogroup.com\/?page_id=40\"},{\"@type\":\"ListItem\",\"position\":3,\"name\":\"Preparation de Lait Entier\"}]},{\"@type\":\"WebSite\",\"@id\":\"https:\/\/www.lactogroup.com\/#website\",\"url\":\"https:\/\/www.lactogroup.com\/\",\"name\":\"Lactogroup\",\"description\":\"\",\"potentialAction\":[{\"@type\":\"SearchAction\",\"target\":{\"@type\":\"EntryPoint\",\"urlTemplate\":\"https:\/\/www.lactogroup.com\/?s={search_term_string}\"},\"query-input\":\"required name=search_term_string\"}],\"inLanguage\":\"fr-FR\"}]}<\/script>\r\n<!-- \/ Yoast SEO plugin. -->","yoast_head_json":{"title":"Preparation de Lait Entier - Lactogroup","robots":{"index":"index","follow":"follow","max-snippet":"max-snippet:-1","max-image-preview":"max-image-preview:large","max-video-preview":"max-video-preview:-1"},"canonical":"https:\/\/www.lactogroup.com\/?page_id=407","og_locale":"fr_FR","og_type":"article","og_title":"Preparation de Lait Entier - Lactogroup","og_description":"Pr\u00e9paration de Lait entier 24\/24 Description du produit: Produit compos\u00e9 de mati\u00e8res grasses du beurre, de prot\u00e9ines de lait et de lactose. Caract\u00e9ristiques: Apparence Physique : Poudre homoge\u0300ne, couleur blanc cr\u00e8me. Gou\u0302t : Lacte\u0301. Odeur : Neutre. Applications: Remplacement total ou partiel de la poudre de lait entier dans la fabrication de yoghourts, de cr\u00e8mes [&hellip;]","og_url":"https:\/\/www.lactogroup.com\/?page_id=407","og_site_name":"Lactogroup","article_modified_time":"2017-02-03T17:34:35+00:00","twitter_card":"summary_large_image","twitter_misc":{"Dur\u00e9e de lecture estim\u00e9e":"4 minutes"},"schema":{"@context":"https:\/\/schema.org","@graph":[{"@type":"WebPage","@id":"https:\/\/www.lactogroup.com\/?page_id=407","url":"https:\/\/www.lactogroup.com\/?page_id=407","name":"Preparation de Lait Entier - Lactogroup","isPartOf":{"@id":"https:\/\/www.lactogroup.com\/#website"},"datePublished":"2017-01-09T10:32:47+00:00","dateModified":"2017-02-03T17:34:35+00:00","breadcrumb":{"@id":"https:\/\/www.lactogroup.com\/?page_id=407#breadcrumb"},"inLanguage":"fr-FR","potentialAction":[{"@type":"ReadAction","target":["https:\/\/www.lactogroup.com\/?page_id=407"]}]},{"@type":"BreadcrumbList","@id":"https:\/\/www.lactogroup.com\/?page_id=407#breadcrumb","itemListElement":[{"@type":"ListItem","position":1,"name":"Accueil","item":"https:\/\/www.lactogroup.com\/"},{"@type":"ListItem","position":2,"name":"Produits","item":"https:\/\/www.lactogroup.com\/?page_id=40"},{"@type":"ListItem","position":3,"name":"Preparation de Lait Entier"}]},{"@type":"WebSite","@id":"https:\/\/www.lactogroup.com\/#website","url":"https:\/\/www.lactogroup.com\/","name":"Lactogroup","description":"","potentialAction":[{"@type":"SearchAction","target":{"@type":"EntryPoint","urlTemplate":"https:\/\/www.lactogroup.com\/?s={search_term_string}"},"query-input":"required name=search_term_string"}],"inLanguage":"fr-FR"}]}},"_links":{"self":[{"href":"https:\/\/www.lactogroup.com\/index.php?rest_route=\/wp\/v2\/pages\/407"}],"collection":[{"href":"https:\/\/www.lactogroup.com\/index.php?rest_route=\/wp\/v2\/pages"}],"about":[{"href":"https:\/\/www.lactogroup.com\/index.php?rest_route=\/wp\/v2\/types\/page"}],"author":[{"embeddable":true,"href":"https:\/\/www.lactogroup.com\/index.php?rest_route=\/wp\/v2\/users\/1"}],"replies":[{"embeddable":true,"href":"https:\/\/www.lactogroup.com\/index.php?rest_route=%2Fwp%2Fv2%2Fcomments&post=407"}],"version-history":[{"count":7,"href":"https:\/\/www.lactogroup.com\/index.php?rest_route=\/wp\/v2\/pages\/407\/revisions"}],"predecessor-version":[{"id":525,"href":"https:\/\/www.lactogroup.com\/index.php?rest_route=\/wp\/v2\/pages\/407\/revisions\/525"}],"up":[{"embeddable":true,"href":"https:\/\/www.lactogroup.com\/index.php?rest_route=\/wp\/v2\/pages\/40"}],"wp:attachment":[{"href":"https:\/\/www.lactogroup.com\/index.php?rest_route=%2Fwp%2Fv2%2Fmedia&parent=407"}],"curies":[{"name":"wp","href":"https:\/\/api.w.org\/{rel}","templated":true}]}}