{"id":47,"date":"2016-12-16T18:02:57","date_gmt":"2016-12-16T17:02:57","guid":{"rendered":"https:\/\/www.lactogroup.com\/?page_id=47"},"modified":"2017-02-07T16:28:44","modified_gmt":"2017-02-07T15:28:44","slug":"a-propos","status":"publish","type":"page","link":"https:\/\/www.lactogroup.com\/?page_id=47","title":{"rendered":"A propos"},"content":{"rendered":"<p>[et_pb_section admin_label=\u00a0\u00bbSection\u00a0\u00bb fullwidth=\u00a0\u00bbon\u00a0\u00bb specialty=\u00a0\u00bboff\u00a0\u00bb][et_pb_fullwidth_header admin_label=\u00a0\u00bbEn-t\u00eate plein \u00e9cran\u00a0\u00bb title=\u00a0\u00bbA propos\u00a0\u00bb background_layout=\u00a0\u00bbdark\u00a0\u00bb text_orientation=\u00a0\u00bbleft\u00a0\u00bb header_fullscreen=\u00a0\u00bboff\u00a0\u00bb header_scroll_down=\u00a0\u00bboff\u00a0\u00bb background_color=\u00a0\u00bb#8dc044&Prime; parallax=\u00a0\u00bboff\u00a0\u00bb parallax_method=\u00a0\u00bboff\u00a0\u00bb content_orientation=\u00a0\u00bbcenter\u00a0\u00bb image_orientation=\u00a0\u00bbcenter\u00a0\u00bb custom_button_one=\u00a0\u00bboff\u00a0\u00bb button_one_letter_spacing=\u00a0\u00bb0&Prime; button_one_use_icon=\u00a0\u00bbdefault\u00a0\u00bb button_one_icon_placement=\u00a0\u00bbright\u00a0\u00bb button_one_on_hover=\u00a0\u00bbon\u00a0\u00bb button_one_letter_spacing_hover=\u00a0\u00bb0&Prime; custom_button_two=\u00a0\u00bboff\u00a0\u00bb button_two_letter_spacing=\u00a0\u00bb0&Prime; button_two_use_icon=\u00a0\u00bbdefault\u00a0\u00bb button_two_icon_placement=\u00a0\u00bbright\u00a0\u00bb button_two_on_hover=\u00a0\u00bbon\u00a0\u00bb button_two_letter_spacing_hover=\u00a0\u00bb0&Prime; background_url=\u00a0\u00bbhttps:\/\/www.lactogroup.com\/wp-content\/uploads\/2016\/12\/bg_title.jpg\u00a0\u00bb] [\/et_pb_fullwidth_header][\/et_pb_section][et_pb_section admin_label=\u00a0\u00bbsection\u00a0\u00bb transparent_background=\u00a0\u00bboff\u00a0\u00bb allow_player_pause=\u00a0\u00bboff\u00a0\u00bb inner_shadow=\u00a0\u00bboff\u00a0\u00bb parallax=\u00a0\u00bboff\u00a0\u00bb parallax_method=\u00a0\u00bboff\u00a0\u00bb padding_mobile=\u00a0\u00bboff\u00a0\u00bb make_fullwidth=\u00a0\u00bboff\u00a0\u00bb use_custom_width=\u00a0\u00bboff\u00a0\u00bb width_unit=\u00a0\u00bbon\u00a0\u00bb make_equal=\u00a0\u00bboff\u00a0\u00bb use_custom_gutter=\u00a0\u00bboff\u00a0\u00bb module_class=\u00a0\u00bbabout\u00a0\u00bb][et_pb_row admin_label=\u00a0\u00bbLigne\u00a0\u00bb][et_pb_column type=\u00a0\u00bb4_4&Prime;][et_pb_text admin_label=\u00a0\u00bbEntreprise leader\u00a0\u00bb background_layout=\u00a0\u00bblight\u00a0\u00bb text_orientation=\u00a0\u00bbleft\u00a0\u00bb use_border_color=\u00a0\u00bboff\u00a0\u00bb border_color=\u00a0\u00bb#ffffff\u00a0\u00bb border_style=\u00a0\u00bbsolid\u00a0\u00bb]<\/p>\n<h2>Lactogroup, entreprise leader dans le secteur des produits laitiers<\/h2>\n<p>[\/et_pb_text][\/et_pb_column][\/et_pb_row][et_pb_row admin_label=\u00a0\u00bbrow\u00a0\u00bb][et_pb_column type=\u00a0\u00bb1_2&Prime;][et_pb_text admin_label=\u00a0\u00bbTexte\u00a0\u00bb background_layout=\u00a0\u00bblight\u00a0\u00bb text_orientation=\u00a0\u00bbleft\u00a0\u00bb use_border_color=\u00a0\u00bboff\u00a0\u00bb border_color=\u00a0\u00bb#ffffff\u00a0\u00bb border_style=\u00a0\u00bbsolid\u00a0\u00bb]<\/p>\n<h3>Qui sommes-nous ?<\/h3>\n<p>Experts dans la vente et la distribution de produits laitiers sur le\u00a0march\u00e9 maghr\u00e9bin depuis 2010, nous assurons l&rsquo;importation et l&rsquo;exportation dans le monde entier depuis\u00a0les principaux ports marocains.<\/p>\n<p>Nous offrons des services de distribution et d&rsquo;entreposage complets, garantissant\u00a0la pr\u00e9servation de la qualit\u00e9 des produits depuis le moment o\u00f9 ils sont stock\u00e9s et tout au long du transport.<\/p>\n<p>Nous garantissons une livraison fiable et rapide de la marchandise. Nous nous adaptons aux\u00a0besoins sp\u00e9cifiques de nos\u00a0clients, les\u00a0aidons \u00e0 \u00e9tablir les bons choix et d\u00e9velopper leurs affaires dans l\u2019industrie laiti\u00e8re.<\/p>\n<p>[\/et_pb_text][\/et_pb_column][et_pb_column type=\u00a0\u00bb1_2&Prime;][et_pb_image admin_label=\u00a0\u00bbImage\u00a0\u00bb src=\u00a0\u00bbhttps:\/\/www.lactogroup.com\/wp-content\/uploads\/2016\/12\/nos-produits.jpg\u00a0\u00bb show_in_lightbox=\u00a0\u00bboff\u00a0\u00bb url_new_window=\u00a0\u00bboff\u00a0\u00bb animation=\u00a0\u00bboff\u00a0\u00bb sticky=\u00a0\u00bboff\u00a0\u00bb align=\u00a0\u00bbleft\u00a0\u00bb force_fullwidth=\u00a0\u00bboff\u00a0\u00bb always_center_on_mobile=\u00a0\u00bbon\u00a0\u00bb use_border_color=\u00a0\u00bboff\u00a0\u00bb border_color=\u00a0\u00bb#ffffff\u00a0\u00bb border_style=\u00a0\u00bbsolid\u00a0\u00bb] [\/et_pb_image][\/et_pb_column][\/et_pb_row][et_pb_row admin_label=\u00a0\u00bbrow\u00a0\u00bb][et_pb_column type=\u00a0\u00bb1_2&Prime;][et_pb_image admin_label=\u00a0\u00bbImage\u00a0\u00bb src=\u00a0\u00bbhttps:\/\/www.lactogroup.com\/wp-content\/uploads\/2016\/12\/decouvrir-lactogroup.jpg\u00a0\u00bb show_in_lightbox=\u00a0\u00bboff\u00a0\u00bb url_new_window=\u00a0\u00bboff\u00a0\u00bb animation=\u00a0\u00bboff\u00a0\u00bb sticky=\u00a0\u00bboff\u00a0\u00bb align=\u00a0\u00bbleft\u00a0\u00bb force_fullwidth=\u00a0\u00bboff\u00a0\u00bb always_center_on_mobile=\u00a0\u00bbon\u00a0\u00bb use_border_color=\u00a0\u00bboff\u00a0\u00bb border_color=\u00a0\u00bb#ffffff\u00a0\u00bb border_style=\u00a0\u00bbsolid\u00a0\u00bb] [\/et_pb_image][\/et_pb_column][et_pb_column type=\u00a0\u00bb1_2&Prime;][et_pb_text admin_label=\u00a0\u00bbTexte\u00a0\u00bb background_layout=\u00a0\u00bblight\u00a0\u00bb text_orientation=\u00a0\u00bbleft\u00a0\u00bb use_border_color=\u00a0\u00bboff\u00a0\u00bb border_color=\u00a0\u00bb#ffffff\u00a0\u00bb border_style=\u00a0\u00bbsolid\u00a0\u00bb]<\/p>\n<h3>Mission<\/h3>\n<p>Avec un D\u00e9partement\u00a0d\u00e9di\u00e9 \u00e0 la Recherche et au D\u00e9veloppement, nous veillons \u00e0 toujours suivre les innovations de notre\u00a0secteur alimentaire.<\/p>\n<p>Notre partenariat avec les leaders mondiaux du march\u00e9 alimentaire nous permet de fournir des produits artisanaux et industriels hautement innovants\u00a0et de grande qualit\u00e9.<\/p>\n<h3>Vision<\/h3>\n<p>Lactogroup vise \u00e0 renforcer sa position de leader\u00a0sur le march\u00e9 de l&rsquo;industrie laiti\u00e8re au Maroc et dans le monde.\u00a0Notre objectif est d&rsquo;\u00eatre reconnu par nos clients comme le partenaire parfait en termes de qualit\u00e9, service et prix.<\/p>\n<p>Nous souhaitons poursuivre notre d\u00e9veloppement au Maroc et \u00e0 l&rsquo;international avec la\u00a0cr\u00e9ation de nouvelles opportunit\u00e9s d\u2019affaires.<\/p>\n<h3>Valeurs<\/h3>\n<p>Nous offrons\u00a0des produits \u00e9co-efficaces et 100% naturels qui respectent l\u2019environnement. Nous participons au d\u00e9veloppement \u00e9conomique du Maroc, pays \u00e9mergent en forte croissance qui tient une place majeure en Afrique. Nous s\u00e9lectionnons rigoureusement nos\u00a0fournisseurs via\u00a0un processus d\u2019\u00e9valuation stricte et aux\u00a0normes de qualit\u00e9 certifi\u00e9es par les organisations internationales les plus importantes.<\/p>\n<p>[\/et_pb_text][\/et_pb_column][\/et_pb_row][\/et_pb_section][et_pb_section admin_label=\u00a0\u00bbSection\u00a0\u00bb global_module=\u00a0\u00bb388&Prime; fullwidth=\u00a0\u00bboff\u00a0\u00bb specialty=\u00a0\u00bboff\u00a0\u00bb transparent_background=\u00a0\u00bboff\u00a0\u00bb background_color=\u00a0\u00bb#52b7ea\u00a0\u00bb allow_player_pause=\u00a0\u00bboff\u00a0\u00bb inner_shadow=\u00a0\u00bboff\u00a0\u00bb parallax=\u00a0\u00bboff\u00a0\u00bb parallax_method=\u00a0\u00bboff\u00a0\u00bb padding_mobile=\u00a0\u00bboff\u00a0\u00bb make_fullwidth=\u00a0\u00bboff\u00a0\u00bb use_custom_width=\u00a0\u00bboff\u00a0\u00bb width_unit=\u00a0\u00bbon\u00a0\u00bb make_equal=\u00a0\u00bboff\u00a0\u00bb use_custom_gutter=\u00a0\u00bboff\u00a0\u00bb][et_pb_row global_parent=\u00a0\u00bb388&Prime; admin_label=\u00a0\u00bbLigne\u00a0\u00bb make_fullwidth=\u00a0\u00bboff\u00a0\u00bb use_custom_width=\u00a0\u00bboff\u00a0\u00bb width_unit=\u00a0\u00bbon\u00a0\u00bb use_custom_gutter=\u00a0\u00bboff\u00a0\u00bb padding_mobile=\u00a0\u00bboff\u00a0\u00bb allow_player_pause=\u00a0\u00bboff\u00a0\u00bb parallax=\u00a0\u00bboff\u00a0\u00bb parallax_method=\u00a0\u00bboff\u00a0\u00bb make_equal=\u00a0\u00bboff\u00a0\u00bb column_padding_mobile=\u00a0\u00bbon\u00a0\u00bb][et_pb_column type=\u00a0\u00bb4_4&Prime;][et_pb_cta global_parent=\u00a0\u00bb388&Prime; admin_label=\u00a0\u00bbAppel d&rsquo;action\u00a0\u00bb button_url=\u00a0\u00bbhttps:\/\/www.lactogroup.com\/?page_id=40\/\u00a0\u00bb url_new_window=\u00a0\u00bboff\u00a0\u00bb button_text=\u00a0\u00bbD\u00e9couvrir nos produits\u00a0\u00bb use_background_color=\u00a0\u00bbon\u00a0\u00bb background_color=\u00a0\u00bb#52b7ea\u00a0\u00bb background_layout=\u00a0\u00bbdark\u00a0\u00bb text_orientation=\u00a0\u00bbcenter\u00a0\u00bb use_border_color=\u00a0\u00bboff\u00a0\u00bb border_color=\u00a0\u00bb#ffffff\u00a0\u00bb border_style=\u00a0\u00bbsolid\u00a0\u00bb custom_button=\u00a0\u00bboff\u00a0\u00bb button_letter_spacing=\u00a0\u00bb0&Prime; button_use_icon=\u00a0\u00bbdefault\u00a0\u00bb button_icon_placement=\u00a0\u00bbright\u00a0\u00bb button_on_hover=\u00a0\u00bbon\u00a0\u00bb button_letter_spacing_hover=\u00a0\u00bb0&Prime; module_class=\u00a0\u00bbcall-to-action\u00a0\u00bb]<\/p>\n<h2>Lactogroup vend, commercialise\u00a0et distribue<\/p>\n<p>une gamme de produits de qualit\u00e9<\/h2>\n<p>[\/et_pb_cta][\/et_pb_column][\/et_pb_row][\/et_pb_section]<\/p>\n","protected":false},"excerpt":{"rendered":"<p>Lactogroup, entreprise leader dans le secteur des produits laitiers Qui sommes-nous ? Experts dans la vente et la distribution de produits laitiers sur le\u00a0march\u00e9 maghr\u00e9bin depuis 2010, nous assurons l&rsquo;importation et l&rsquo;exportation dans le monde entier depuis\u00a0les principaux ports marocains. Nous offrons des services de distribution et d&rsquo;entreposage complets, garantissant\u00a0la pr\u00e9servation de la qualit\u00e9 des [&hellip;]<\/p>\n","protected":false},"author":1,"featured_media":0,"parent":0,"menu_order":13,"comment_status":"closed","ping_status":"closed","template":"","meta":{"_et_pb_use_builder":"on","_et_pb_old_content":"","_et_gb_content_width":"","footnotes":""},"yoast_head":"<!-- This site is optimized with the Yoast SEO plugin v20.1 - https:\/\/yoast.com\/wordpress\/plugins\/seo\/ -->\r\n<title>A propos - Lactogroup<\/title>\r\n<meta name=\"robots\" content=\"index, follow, max-snippet:-1, max-image-preview:large, max-video-preview:-1\" \/>\r\n<link rel=\"canonical\" href=\"https:\/\/www.lactogroup.com\/?page_id=47\" \/>\r\n<meta property=\"og:locale\" content=\"fr_FR\" \/>\r\n<meta property=\"og:type\" content=\"article\" \/>\r\n<meta property=\"og:title\" content=\"A propos - Lactogroup\" \/>\r\n<meta property=\"og:description\" content=\"Lactogroup, entreprise leader dans le secteur des produits laitiers Qui sommes-nous ? Experts dans la vente et la distribution de produits laitiers sur le\u00a0march\u00e9 maghr\u00e9bin depuis 2010, nous assurons l&#039;importation et l&#039;exportation dans le monde entier depuis\u00a0les principaux ports marocains. Nous offrons des services de distribution et d&#039;entreposage complets, garantissant\u00a0la pr\u00e9servation de la qualit\u00e9 des [&hellip;]\" \/>\r\n<meta property=\"og:url\" content=\"https:\/\/www.lactogroup.com\/?page_id=47\" \/>\r\n<meta property=\"og:site_name\" content=\"Lactogroup\" \/>\r\n<meta property=\"article:modified_time\" content=\"2017-02-07T15:28:44+00:00\" \/>\r\n<meta name=\"twitter:card\" content=\"summary_large_image\" \/>\r\n<meta name=\"twitter:label1\" content=\"Dur\u00e9e de lecture estim\u00e9e\" \/>\n\t<meta name=\"twitter:data1\" content=\"4 minutes\" \/>\r\n<script type=\"application\/ld+json\" class=\"yoast-schema-graph\">{\"@context\":\"https:\/\/schema.org\",\"@graph\":[{\"@type\":\"WebPage\",\"@id\":\"https:\/\/www.lactogroup.com\/?page_id=47\",\"url\":\"https:\/\/www.lactogroup.com\/?page_id=47\",\"name\":\"A propos - Lactogroup\",\"isPartOf\":{\"@id\":\"https:\/\/www.lactogroup.com\/#website\"},\"datePublished\":\"2016-12-16T17:02:57+00:00\",\"dateModified\":\"2017-02-07T15:28:44+00:00\",\"breadcrumb\":{\"@id\":\"https:\/\/www.lactogroup.com\/?page_id=47#breadcrumb\"},\"inLanguage\":\"fr-FR\",\"potentialAction\":[{\"@type\":\"ReadAction\",\"target\":[\"https:\/\/www.lactogroup.com\/?page_id=47\"]}]},{\"@type\":\"BreadcrumbList\",\"@id\":\"https:\/\/www.lactogroup.com\/?page_id=47#breadcrumb\",\"itemListElement\":[{\"@type\":\"ListItem\",\"position\":1,\"name\":\"Accueil\",\"item\":\"https:\/\/www.lactogroup.com\/\"},{\"@type\":\"ListItem\",\"position\":2,\"name\":\"A propos\"}]},{\"@type\":\"WebSite\",\"@id\":\"https:\/\/www.lactogroup.com\/#website\",\"url\":\"https:\/\/www.lactogroup.com\/\",\"name\":\"Lactogroup\",\"description\":\"\",\"potentialAction\":[{\"@type\":\"SearchAction\",\"target\":{\"@type\":\"EntryPoint\",\"urlTemplate\":\"https:\/\/www.lactogroup.com\/?s={search_term_string}\"},\"query-input\":\"required name=search_term_string\"}],\"inLanguage\":\"fr-FR\"}]}<\/script>\r\n<!-- \/ Yoast SEO plugin. -->","yoast_head_json":{"title":"A propos - Lactogroup","robots":{"index":"index","follow":"follow","max-snippet":"max-snippet:-1","max-image-preview":"max-image-preview:large","max-video-preview":"max-video-preview:-1"},"canonical":"https:\/\/www.lactogroup.com\/?page_id=47","og_locale":"fr_FR","og_type":"article","og_title":"A propos - Lactogroup","og_description":"Lactogroup, entreprise leader dans le secteur des produits laitiers Qui sommes-nous ? Experts dans la vente et la distribution de produits laitiers sur le\u00a0march\u00e9 maghr\u00e9bin depuis 2010, nous assurons l'importation et l'exportation dans le monde entier depuis\u00a0les principaux ports marocains. Nous offrons des services de distribution et d'entreposage complets, garantissant\u00a0la pr\u00e9servation de la qualit\u00e9 des [&hellip;]","og_url":"https:\/\/www.lactogroup.com\/?page_id=47","og_site_name":"Lactogroup","article_modified_time":"2017-02-07T15:28:44+00:00","twitter_card":"summary_large_image","twitter_misc":{"Dur\u00e9e de lecture estim\u00e9e":"4 minutes"},"schema":{"@context":"https:\/\/schema.org","@graph":[{"@type":"WebPage","@id":"https:\/\/www.lactogroup.com\/?page_id=47","url":"https:\/\/www.lactogroup.com\/?page_id=47","name":"A propos - Lactogroup","isPartOf":{"@id":"https:\/\/www.lactogroup.com\/#website"},"datePublished":"2016-12-16T17:02:57+00:00","dateModified":"2017-02-07T15:28:44+00:00","breadcrumb":{"@id":"https:\/\/www.lactogroup.com\/?page_id=47#breadcrumb"},"inLanguage":"fr-FR","potentialAction":[{"@type":"ReadAction","target":["https:\/\/www.lactogroup.com\/?page_id=47"]}]},{"@type":"BreadcrumbList","@id":"https:\/\/www.lactogroup.com\/?page_id=47#breadcrumb","itemListElement":[{"@type":"ListItem","position":1,"name":"Accueil","item":"https:\/\/www.lactogroup.com\/"},{"@type":"ListItem","position":2,"name":"A propos"}]},{"@type":"WebSite","@id":"https:\/\/www.lactogroup.com\/#website","url":"https:\/\/www.lactogroup.com\/","name":"Lactogroup","description":"","potentialAction":[{"@type":"SearchAction","target":{"@type":"EntryPoint","urlTemplate":"https:\/\/www.lactogroup.com\/?s={search_term_string}"},"query-input":"required name=search_term_string"}],"inLanguage":"fr-FR"}]}},"_links":{"self":[{"href":"https:\/\/www.lactogroup.com\/index.php?rest_route=\/wp\/v2\/pages\/47"}],"collection":[{"href":"https:\/\/www.lactogroup.com\/index.php?rest_route=\/wp\/v2\/pages"}],"about":[{"href":"https:\/\/www.lactogroup.com\/index.php?rest_route=\/wp\/v2\/types\/page"}],"author":[{"embeddable":true,"href":"https:\/\/www.lactogroup.com\/index.php?rest_route=\/wp\/v2\/users\/1"}],"replies":[{"embeddable":true,"href":"https:\/\/www.lactogroup.com\/index.php?rest_route=%2Fwp%2Fv2%2Fcomments&post=47"}],"version-history":[{"count":37,"href":"https:\/\/www.lactogroup.com\/index.php?rest_route=\/wp\/v2\/pages\/47\/revisions"}],"predecessor-version":[{"id":537,"href":"https:\/\/www.lactogroup.com\/index.php?rest_route=\/wp\/v2\/pages\/47\/revisions\/537"}],"wp:attachment":[{"href":"https:\/\/www.lactogroup.com\/index.php?rest_route=%2Fwp%2Fv2%2Fmedia&parent=47"}],"curies":[{"name":"wp","href":"https:\/\/api.w.org\/{rel}","templated":true}]}}